{"id":681,"date":"2023-08-04T17:30:54","date_gmt":"2023-08-04T09:30:54","guid":{"rendered":"https:\/\/www.dmsteels.com\/?page_id=681"},"modified":"2024-11-22T14:53:23","modified_gmt":"2024-11-22T06:53:23","slug":"overseas-programs","status":"publish","type":"page","link":"https:\/\/www.dmsteels.com\/ro\/overseas-programs\/","title":{"rendered":"Programe de peste m\u0103ri"},"content":{"rendered":"<div data-elementor-type=\"wp-page\" data-elementor-id=\"681\" class=\"elementor elementor-681\" data-elementor-settings=\"{&quot;element_pack_global_tooltip_width&quot;:{&quot;unit&quot;:&quot;px&quot;,&quot;size&quot;:&quot;&quot;,&quot;sizes&quot;:[]},&quot;element_pack_global_tooltip_width_tablet&quot;:{&quot;unit&quot;:&quot;px&quot;,&quot;size&quot;:&quot;&quot;,&quot;sizes&quot;:[]},&quot;element_pack_global_tooltip_width_mobile&quot;:{&quot;unit&quot;:&quot;px&quot;,&quot;size&quot;:&quot;&quot;,&quot;sizes&quot;:[]},&quot;element_pack_global_tooltip_padding&quot;:{&quot;unit&quot;:&quot;px&quot;,&quot;top&quot;:&quot;&quot;,&quot;right&quot;:&quot;&quot;,&quot;bottom&quot;:&quot;&quot;,&quot;left&quot;:&quot;&quot;,&quot;isLinked&quot;:true},&quot;element_pack_global_tooltip_padding_tablet&quot;:{&quot;unit&quot;:&quot;px&quot;,&quot;top&quot;:&quot;&quot;,&quot;right&quot;:&quot;&quot;,&quot;bottom&quot;:&quot;&quot;,&quot;left&quot;:&quot;&quot;,&quot;isLinked&quot;:true},&quot;element_pack_global_tooltip_padding_mobile&quot;:{&quot;unit&quot;:&quot;px&quot;,&quot;top&quot;:&quot;&quot;,&quot;right&quot;:&quot;&quot;,&quot;bottom&quot;:&quot;&quot;,&quot;left&quot;:&quot;&quot;,&quot;isLinked&quot;:true},&quot;element_pack_global_tooltip_border_radius&quot;:{&quot;unit&quot;:&quot;px&quot;,&quot;top&quot;:&quot;&quot;,&quot;right&quot;:&quot;&quot;,&quot;bottom&quot;:&quot;&quot;,&quot;left&quot;:&quot;&quot;,&quot;isLinked&quot;:true},&quot;element_pack_global_tooltip_border_radius_tablet&quot;:{&quot;unit&quot;:&quot;px&quot;,&quot;top&quot;:&quot;&quot;,&quot;right&quot;:&quot;&quot;,&quot;bottom&quot;:&quot;&quot;,&quot;left&quot;:&quot;&quot;,&quot;isLinked&quot;:true},&quot;element_pack_global_tooltip_border_radius_mobile&quot;:{&quot;unit&quot;:&quot;px&quot;,&quot;top&quot;:&quot;&quot;,&quot;right&quot;:&quot;&quot;,&quot;bottom&quot;:&quot;&quot;,&quot;left&quot;:&quot;&quot;,&quot;isLinked&quot;:true}}\" data-elementor-post-type=\"page\">\n\t\t\t\t\t\t<section class=\"elementor-section elementor-top-section elementor-element elementor-element-c467efe elementor-section-height-min-height elementor-section-boxed elementor-section-height-default elementor-section-items-middle\" data-id=\"c467efe\" data-element_type=\"section\" data-settings=\"{&quot;background_background&quot;:&quot;classic&quot;}\">\n\t\t\t\t\t\t<div class=\"elementor-container elementor-column-gap-default\">\n\t\t\t\t\t<div class=\"elementor-column elementor-col-100 elementor-top-column elementor-element elementor-element-4f680f5\" data-id=\"4f680f5\" data-element_type=\"column\">\n\t\t\t<div class=\"elementor-widget-wrap elementor-element-populated\">\n\t\t\t\t\t\t<div class=\"elementor-element elementor-element-e6712f7 elementor-widget elementor-widget-text-editor\" data-id=\"e6712f7\" data-element_type=\"widget\" data-widget_type=\"text-editor.default\">\n\t\t\t\t<div class=\"elementor-widget-container\">\n\t\t\t\t\t\t\t\t\t<p>\u00cen prezent, DAMING a \u00eenfiin\u021bat zece centre de servicii cu sediul central \u00een Wuxi, o baz\u0103 de produc\u021bie de-a lungul r\u00e2ului Yangtze (JINGJIANG) \u0219i dou\u0103 porturi (JIAXING \u0219i JINGJIANG) \u0219i are clien\u021bi care acoper\u0103 \u00eentreprinderi de top din peste 30 de industrii. \u00cen 2010, DAMING International Holdings (01090. HK) a fost listat\u0103 pe tabloul principal al Bursei de Valori din Hong Kong; \u00een 2022, volumul v\u00e2nz\u0103rilor de o\u021bel inoxidabil \u0219i o\u021bel carbon a ajuns la 1,85 milioane de tone \u0219i 4,02 milioane de tone, \u00een timp ce veniturile din v\u00e2nz\u0103ri au ajuns la 7,4 miliarde de dolari.<\/p>\t\t\t\t\t\t\t\t<\/div>\n\t\t\t\t<\/div>\n\t\t\t\t<div class=\"elementor-element elementor-element-9688dcc elementor-widget elementor-widget-global elementor-global-370 elementor-widget-bdt-breadcrumbs\" data-id=\"9688dcc\" data-element_type=\"widget\" data-widget_type=\"bdt-breadcrumbs.default\">\n\t\t\t\t<div class=\"elementor-widget-container\">\n\t\t\t\t\t<div class='bdt-ep-breadcrumbs-wrapper'><ul class=\"bdt-ep-breadcrumb breadcrumb-align-left\"><li><a href=\"https:\/\/www.dmsteels.com\/ro\/\">China Centrul de aprovizionare pentru prelucrarea o\u021belului - Daming<\/a><\/li>\n<li><span> Oldal<\/span><\/li>\n<\/ul><\/div>\t\t\t\t<\/div>\n\t\t\t\t<\/div>\n\t\t\t\t\t<\/div>\n\t\t<\/div>\n\t\t\t\t\t<\/div>\n\t\t<\/section>\n\t\t\t\t<section class=\"elementor-section elementor-top-section elementor-element elementor-element-fa2d2bc elementor-section-boxed elementor-section-height-default elementor-section-height-default\" data-id=\"fa2d2bc\" data-element_type=\"section\">\n\t\t\t\t\t\t<div class=\"elementor-container elementor-column-gap-no\">\n\t\t\t\t\t<div class=\"elementor-column elementor-col-100 elementor-top-column elementor-element elementor-element-880ecbf\" data-id=\"880ecbf\" data-element_type=\"column\">\n\t\t\t<div class=\"elementor-widget-wrap elementor-element-populated\">\n\t\t\t\t\t\t<div class=\"elementor-element elementor-element-2bfa62b elementor-nav-menu__align-justify elementor-nav-menu--dropdown-mobile elementor-nav-menu__text-align-aside elementor-nav-menu--toggle elementor-nav-menu--burger elementor-widget elementor-widget-global elementor-global-366 elementor-widget-nav-menu\" data-id=\"2bfa62b\" data-element_type=\"widget\" data-settings=\"{&quot;layout&quot;:&quot;horizontal&quot;,&quot;submenu_icon&quot;:{&quot;value&quot;:&quot;fas fa-caret-down&quot;,&quot;library&quot;:&quot;fa-solid&quot;},&quot;toggle&quot;:&quot;burger&quot;}\" data-widget_type=\"nav-menu.default\">\n\t\t\t\t<div class=\"elementor-widget-container\">\n\t\t\t\t\t\t\t\t<nav aria-label=\"Menu\" class=\"elementor-nav-menu--main elementor-nav-menu__container elementor-nav-menu--layout-horizontal e--pointer-text e--animation-grow\">\n\t\t\t\t<ul id=\"menu-1-2bfa62b\" class=\"elementor-nav-menu\"><li class=\"menu-item menu-item-type-post_type menu-item-object-page menu-item-333\"><a href=\"https:\/\/www.dmsteels.com\/ro\/about-daming\/\" class=\"elementor-item\">Despre Daming<\/a><\/li>\n<li class=\"menu-item menu-item-type-post_type menu-item-object-page menu-item-363\"><a href=\"https:\/\/www.dmsteels.com\/ro\/company-culture\/\" class=\"elementor-item\">cultura companiei<\/a><\/li>\n<li class=\"menu-item menu-item-type-post_type menu-item-object-page menu-item-364\"><a href=\"https:\/\/www.dmsteels.com\/ro\/layout-sectors\/\" class=\"elementor-item\">Sectoare de amenajare<\/a><\/li>\n<li class=\"menu-item menu-item-type-post_type menu-item-object-page menu-item-682\"><a href=\"https:\/\/www.dmsteels.com\/ro\/overseas-programs\/\" class=\"elementor-item\">Programe de peste m\u0103ri<\/a><\/li>\n<\/ul>\t\t\t<\/nav>\n\t\t\t\t\t<div class=\"elementor-menu-toggle\" role=\"button\" tabindex=\"0\" aria-label=\"Menu Toggle\" aria-expanded=\"false\">\n\t\t\t<i aria-hidden=\"true\" role=\"presentation\" class=\"elementor-menu-toggle__icon--open eicon-menu-bar\"><\/i><i aria-hidden=\"true\" role=\"presentation\" class=\"elementor-menu-toggle__icon--close eicon-close\"><\/i>\t\t<\/div>\n\t\t\t\t\t<nav class=\"elementor-nav-menu--dropdown elementor-nav-menu__container\" aria-hidden=\"true\">\n\t\t\t\t<ul id=\"menu-2-2bfa62b\" class=\"elementor-nav-menu\"><li class=\"menu-item menu-item-type-post_type menu-item-object-page menu-item-333\"><a href=\"https:\/\/www.dmsteels.com\/ro\/about-daming\/\" class=\"elementor-item\" tabindex=\"-1\">Despre Daming<\/a><\/li>\n<li class=\"menu-item menu-item-type-post_type menu-item-object-page menu-item-363\"><a href=\"https:\/\/www.dmsteels.com\/ro\/company-culture\/\" class=\"elementor-item\" tabindex=\"-1\">cultura companiei<\/a><\/li>\n<li class=\"menu-item menu-item-type-post_type menu-item-object-page menu-item-364\"><a href=\"https:\/\/www.dmsteels.com\/ro\/layout-sectors\/\" class=\"elementor-item\" tabindex=\"-1\">Sectoare de amenajare<\/a><\/li>\n<li class=\"menu-item menu-item-type-post_type menu-item-object-page menu-item-682\"><a href=\"https:\/\/www.dmsteels.com\/ro\/overseas-programs\/\" class=\"elementor-item\" tabindex=\"-1\">Programe de peste m\u0103ri<\/a><\/li>\n<\/ul>\t\t\t<\/nav>\n\t\t\t\t\t\t<\/div>\n\t\t\t\t<\/div>\n\t\t\t\t\t<\/div>\n\t\t<\/div>\n\t\t\t\t\t<\/div>\n\t\t<\/section>\n\t\t\t\t<section class=\"elementor-section elementor-top-section elementor-element elementor-element-ab12f76 elementor-section-boxed elementor-section-height-default elementor-section-height-default\" data-id=\"ab12f76\" data-element_type=\"section\">\n\t\t\t\t\t\t<div class=\"elementor-container elementor-column-gap-default\">\n\t\t\t\t\t<div class=\"elementor-column elementor-col-100 elementor-top-column elementor-element elementor-element-cccd137\" data-id=\"cccd137\" data-element_type=\"column\">\n\t\t\t<div class=\"elementor-widget-wrap elementor-element-populated\">\n\t\t\t\t\t\t<div class=\"elementor-element elementor-element-5bc2747 elementor-widget-divider--view-line_text elementor-widget-divider--element-align-center elementor-widget elementor-widget-divider\" data-id=\"5bc2747\" data-element_type=\"widget\" data-widget_type=\"divider.default\">\n\t\t\t\t<div class=\"elementor-widget-container\">\n\t\t\t\t\t\t\t<div class=\"elementor-divider\">\n\t\t\t<span class=\"elementor-divider-separator\">\n\t\t\t\t\t\t\t<h2 class=\"elementor-divider__text elementor-divider__element\">\n\t\t\t\tDaming scar\u0103 de v\u00e2nz\u0103ri peste m\u0103ri\t\t\t\t<\/h2>\n\t\t\t\t\t\t<\/span>\n\t\t<\/div>\n\t\t\t\t\t\t<\/div>\n\t\t\t\t<\/div>\n\t\t\t\t<div class=\"elementor-element elementor-element-31cccd4 elementor-widget elementor-widget-image\" data-id=\"31cccd4\" data-element_type=\"widget\" data-widget_type=\"image.default\">\n\t\t\t\t<div class=\"elementor-widget-container\">\n\t\t\t\t\t\t\t\t\t\t\t\t\t\t\t\t<a href=\"https:\/\/www.dmsteels.com\/wp-content\/uploads\/2023\/08\/1691132965986.png\" data-elementor-open-lightbox=\"yes\" data-elementor-lightbox-title=\"Overseas Programs\" data-elementor-lightbox-description=\"Overseas Programs\" data-e-action-hash=\"#elementor-action%3Aaction%3Dlightbox%26settings%3DeyJpZCI6NjczLCJ1cmwiOiJodHRwczpcL1wvd3d3LmRtc3RlZWxzLmNvbVwvd3AtY29udGVudFwvdXBsb2Fkc1wvMjAyM1wvMDhcLzE2OTExMzI5NjU5ODYucG5nIn0%3D\">\n\t\t\t\t\t\t\t<img loading=\"lazy\" decoding=\"async\" width=\"1280\" height=\"587\" src=\"https:\/\/www.dmsteels.com\/wp-content\/uploads\/2023\/08\/1691132965986.png\" class=\"attachment-full size-full wp-image-673\" alt=\"Programe de peste m\u0103ri\" srcset=\"https:\/\/www.dmsteels.com\/wp-content\/uploads\/2023\/08\/1691132965986.png 1280w, https:\/\/www.dmsteels.com\/wp-content\/uploads\/2023\/08\/1691132965986-300x138.png 300w, https:\/\/www.dmsteels.com\/wp-content\/uploads\/2023\/08\/1691132965986-1024x470.png 1024w, https:\/\/www.dmsteels.com\/wp-content\/uploads\/2023\/08\/1691132965986-768x352.png 768w\" sizes=\"auto, (max-width: 1280px) 100vw, 1280px\" \/>\t\t\t\t\t\t\t\t<\/a>\n\t\t\t\t\t\t\t\t\t\t\t\t\t\t\t<\/div>\n\t\t\t\t<\/div>\n\t\t\t\t\t<\/div>\n\t\t<\/div>\n\t\t\t\t\t<\/div>\n\t\t<\/section>\n\t\t\t\t<section class=\"elementor-section elementor-top-section elementor-element elementor-element-b544218 elementor-section-boxed elementor-section-height-default elementor-section-height-default\" data-id=\"b544218\" data-element_type=\"section\">\n\t\t\t\t\t\t<div class=\"elementor-container elementor-column-gap-default\">\n\t\t\t\t\t<div class=\"elementor-column elementor-col-100 elementor-top-column elementor-element elementor-element-ad6d4ab\" data-id=\"ad6d4ab\" data-element_type=\"column\">\n\t\t\t<div class=\"elementor-widget-wrap elementor-element-populated\">\n\t\t\t\t\t\t<div class=\"elementor-element elementor-element-21714a7 elementor-widget-divider--view-line_text elementor-widget-divider--element-align-center elementor-widget elementor-widget-divider\" data-id=\"21714a7\" data-element_type=\"widget\" data-widget_type=\"divider.default\">\n\t\t\t\t<div class=\"elementor-widget-container\">\n\t\t\t\t\t\t\t<div class=\"elementor-divider\">\n\t\t\t<span class=\"elementor-divider-separator\">\n\t\t\t\t\t\t\t<h2 class=\"elementor-divider__text elementor-divider__element\">\n\t\t\t\tPlanificarea organiza\u021biei Daming Overseas\t\t\t\t<\/h2>\n\t\t\t\t\t\t<\/span>\n\t\t<\/div>\n\t\t\t\t\t\t<\/div>\n\t\t\t\t<\/div>\n\t\t\t\t<div class=\"elementor-element elementor-element-91ccba3 elementor-widget elementor-widget-image\" data-id=\"91ccba3\" data-element_type=\"widget\" data-widget_type=\"image.default\">\n\t\t\t\t<div class=\"elementor-widget-container\">\n\t\t\t\t\t\t\t\t\t\t\t\t\t\t\t\t<a href=\"https:\/\/www.dmsteels.com\/wp-content\/uploads\/2023\/08\/\u5927\u660e\u6d77\u5916\u673a\u6784.png\" data-elementor-open-lightbox=\"yes\" data-elementor-lightbox-title=\"Overseas Programs\" data-elementor-lightbox-description=\"Overseas Programs\" data-e-action-hash=\"#elementor-action%3Aaction%3Dlightbox%26settings%3DeyJpZCI6NjcxLCJ1cmwiOiJodHRwczpcL1wvd3d3LmRtc3RlZWxzLmNvbVwvd3AtY29udGVudFwvdXBsb2Fkc1wvMjAyM1wvMDhcL1x1NTkyN1x1NjYwZVx1NmQ3N1x1NTkxNlx1NjczYVx1Njc4NC5wbmcifQ%3D%3D\">\n\t\t\t\t\t\t\t<img loading=\"lazy\" decoding=\"async\" width=\"1289\" height=\"698\" src=\"https:\/\/www.dmsteels.com\/wp-content\/uploads\/2023\/08\/\u5927\u660e\u6d77\u5916\u673a\u6784.png\" class=\"attachment-full size-full wp-image-671\" alt=\"Programe de peste m\u0103ri\" srcset=\"https:\/\/www.dmsteels.com\/wp-content\/uploads\/2023\/08\/\u5927\u660e\u6d77\u5916\u673a\u6784.png 1289w, https:\/\/www.dmsteels.com\/wp-content\/uploads\/2023\/08\/\u5927\u660e\u6d77\u5916\u673a\u6784-300x162.png 300w, https:\/\/www.dmsteels.com\/wp-content\/uploads\/2023\/08\/\u5927\u660e\u6d77\u5916\u673a\u6784-1024x555.png 1024w, https:\/\/www.dmsteels.com\/wp-content\/uploads\/2023\/08\/\u5927\u660e\u6d77\u5916\u673a\u6784-768x416.png 768w\" sizes=\"auto, (max-width: 1289px) 100vw, 1289px\" \/>\t\t\t\t\t\t\t\t<\/a>\n\t\t\t\t\t\t\t\t\t\t\t\t\t\t\t<\/div>\n\t\t\t\t<\/div>\n\t\t\t\t\t<\/div>\n\t\t<\/div>\n\t\t\t\t\t<\/div>\n\t\t<\/section>\n\t\t\t\t<section class=\"elementor-section elementor-top-section elementor-element elementor-element-01e2445 elementor-section-boxed elementor-section-height-default elementor-section-height-default\" data-id=\"01e2445\" data-element_type=\"section\">\n\t\t\t\t\t\t<div class=\"elementor-container elementor-column-gap-default\">\n\t\t\t\t\t<div class=\"elementor-column elementor-col-100 elementor-top-column elementor-element elementor-element-9c95ee4\" data-id=\"9c95ee4\" data-element_type=\"column\">\n\t\t\t<div class=\"elementor-widget-wrap elementor-element-populated\">\n\t\t\t\t\t\t<div class=\"elementor-element elementor-element-d5eae49 elementor-widget-divider--view-line_text elementor-widget-divider--element-align-center elementor-widget elementor-widget-divider\" data-id=\"d5eae49\" data-element_type=\"widget\" data-widget_type=\"divider.default\">\n\t\t\t\t<div class=\"elementor-widget-container\">\n\t\t\t\t\t\t\t<div class=\"elementor-divider\">\n\t\t\t<span class=\"elementor-divider-separator\">\n\t\t\t\t\t\t\t<h2 class=\"elementor-divider__text elementor-divider__element\">\n\t\t\t\tTrei baze de sus\u021binere a exportului\t\t\t\t<\/h2>\n\t\t\t\t\t\t<\/span>\n\t\t<\/div>\n\t\t\t\t\t\t<\/div>\n\t\t\t\t<\/div>\n\t\t\t\t<div class=\"elementor-element elementor-element-790eb26 elementor-widget elementor-widget-image\" data-id=\"790eb26\" data-element_type=\"widget\" data-widget_type=\"image.default\">\n\t\t\t\t<div class=\"elementor-widget-container\">\n\t\t\t\t\t\t\t\t\t\t\t\t\t\t\t\t<a href=\"https:\/\/www.dmsteels.com\/wp-content\/uploads\/2023\/08\/\u5fae\u4fe1\u56fe\u7247_20230804151602.png\" data-elementor-open-lightbox=\"yes\" data-elementor-lightbox-title=\"Overseas Programs\" data-elementor-lightbox-description=\"Overseas Programs\" data-e-action-hash=\"#elementor-action%3Aaction%3Dlightbox%26settings%3DeyJpZCI6Njc0LCJ1cmwiOiJodHRwczpcL1wvd3d3LmRtc3RlZWxzLmNvbVwvd3AtY29udGVudFwvdXBsb2Fkc1wvMjAyM1wvMDhcL1x1NWZhZVx1NGZlMVx1NTZmZVx1NzI0N18yMDIzMDgwNDE1MTYwMi5wbmcifQ%3D%3D\">\n\t\t\t\t\t\t\t<img loading=\"lazy\" decoding=\"async\" width=\"1251\" height=\"351\" src=\"https:\/\/www.dmsteels.com\/wp-content\/uploads\/2023\/08\/\u5fae\u4fe1\u56fe\u7247_20230804151602.png\" class=\"attachment-full size-full wp-image-674\" alt=\"Programe de peste m\u0103ri\" srcset=\"https:\/\/www.dmsteels.com\/wp-content\/uploads\/2023\/08\/\u5fae\u4fe1\u56fe\u7247_20230804151602.png 1251w, https:\/\/www.dmsteels.com\/wp-content\/uploads\/2023\/08\/\u5fae\u4fe1\u56fe\u7247_20230804151602-300x84.png 300w, https:\/\/www.dmsteels.com\/wp-content\/uploads\/2023\/08\/\u5fae\u4fe1\u56fe\u7247_20230804151602-1024x287.png 1024w, https:\/\/www.dmsteels.com\/wp-content\/uploads\/2023\/08\/\u5fae\u4fe1\u56fe\u7247_20230804151602-768x215.png 768w\" sizes=\"auto, (max-width: 1251px) 100vw, 1251px\" \/>\t\t\t\t\t\t\t\t<\/a>\n\t\t\t\t\t\t\t\t\t\t\t\t\t\t\t<\/div>\n\t\t\t\t<\/div>\n\t\t\t\t\t<\/div>\n\t\t<\/div>\n\t\t\t\t\t<\/div>\n\t\t<\/section>\n\t\t\t\t<\/div>","protected":false},"excerpt":{"rendered":"<p>Currently, DAMING has established ten service centers with Wuxi as the headquarters, one manufacturing base along the Yangtze River (JINGJIANG) and two ports (JIAXING and JINGJIANG) and has customers covering the top enterprises in more than 30 industries. In 2010, DAMING International Holdings (01090. HK) was listed on the main board of the Hong Kong [&hellip;]<\/p>","protected":false},"author":1,"featured_media":0,"parent":0,"menu_order":0,"comment_status":"closed","ping_status":"closed","template":"","meta":{"_acf_changed":false,"footnotes":""},"class_list":["post-681","page","type-page","status-publish","hentry"],"acf":[],"_links":{"self":[{"href":"https:\/\/www.dmsteels.com\/ro\/wp-json\/wp\/v2\/pages\/681","targetHints":{"allow":["GET"]}}],"collection":[{"href":"https:\/\/www.dmsteels.com\/ro\/wp-json\/wp\/v2\/pages"}],"about":[{"href":"https:\/\/www.dmsteels.com\/ro\/wp-json\/wp\/v2\/types\/page"}],"author":[{"embeddable":true,"href":"https:\/\/www.dmsteels.com\/ro\/wp-json\/wp\/v2\/users\/1"}],"replies":[{"embeddable":true,"href":"https:\/\/www.dmsteels.com\/ro\/wp-json\/wp\/v2\/comments?post=681"}],"version-history":[{"count":0,"href":"https:\/\/www.dmsteels.com\/ro\/wp-json\/wp\/v2\/pages\/681\/revisions"}],"wp:attachment":[{"href":"https:\/\/www.dmsteels.com\/ro\/wp-json\/wp\/v2\/media?parent=681"}],"curies":[{"name":"wp","href":"https:\/\/api.w.org\/{rel}","templated":true}]}}