{"id":353,"date":"2023-07-19T11:22:35","date_gmt":"2023-07-19T03:22:35","guid":{"rendered":"https:\/\/www.dmsteels.com\/?page_id=353"},"modified":"2024-11-22T14:48:24","modified_gmt":"2024-11-22T06:48:24","slug":"company-culture","status":"publish","type":"page","link":"https:\/\/www.dmsteels.com\/lv\/company-culture\/","title":{"rendered":"uz\u0146\u0113muma kult\u016bra"},"content":{"rendered":"<div data-elementor-type=\"wp-page\" data-elementor-id=\"353\" class=\"elementor elementor-353\" data-elementor-settings=\"{&quot;element_pack_global_tooltip_width&quot;:{&quot;unit&quot;:&quot;px&quot;,&quot;size&quot;:&quot;&quot;,&quot;sizes&quot;:[]},&quot;element_pack_global_tooltip_width_tablet&quot;:{&quot;unit&quot;:&quot;px&quot;,&quot;size&quot;:&quot;&quot;,&quot;sizes&quot;:[]},&quot;element_pack_global_tooltip_width_mobile&quot;:{&quot;unit&quot;:&quot;px&quot;,&quot;size&quot;:&quot;&quot;,&quot;sizes&quot;:[]},&quot;element_pack_global_tooltip_padding&quot;:{&quot;unit&quot;:&quot;px&quot;,&quot;top&quot;:&quot;&quot;,&quot;right&quot;:&quot;&quot;,&quot;bottom&quot;:&quot;&quot;,&quot;left&quot;:&quot;&quot;,&quot;isLinked&quot;:true},&quot;element_pack_global_tooltip_padding_tablet&quot;:{&quot;unit&quot;:&quot;px&quot;,&quot;top&quot;:&quot;&quot;,&quot;right&quot;:&quot;&quot;,&quot;bottom&quot;:&quot;&quot;,&quot;left&quot;:&quot;&quot;,&quot;isLinked&quot;:true},&quot;element_pack_global_tooltip_padding_mobile&quot;:{&quot;unit&quot;:&quot;px&quot;,&quot;top&quot;:&quot;&quot;,&quot;right&quot;:&quot;&quot;,&quot;bottom&quot;:&quot;&quot;,&quot;left&quot;:&quot;&quot;,&quot;isLinked&quot;:true},&quot;element_pack_global_tooltip_border_radius&quot;:{&quot;unit&quot;:&quot;px&quot;,&quot;top&quot;:&quot;&quot;,&quot;right&quot;:&quot;&quot;,&quot;bottom&quot;:&quot;&quot;,&quot;left&quot;:&quot;&quot;,&quot;isLinked&quot;:true},&quot;element_pack_global_tooltip_border_radius_tablet&quot;:{&quot;unit&quot;:&quot;px&quot;,&quot;top&quot;:&quot;&quot;,&quot;right&quot;:&quot;&quot;,&quot;bottom&quot;:&quot;&quot;,&quot;left&quot;:&quot;&quot;,&quot;isLinked&quot;:true},&quot;element_pack_global_tooltip_border_radius_mobile&quot;:{&quot;unit&quot;:&quot;px&quot;,&quot;top&quot;:&quot;&quot;,&quot;right&quot;:&quot;&quot;,&quot;bottom&quot;:&quot;&quot;,&quot;left&quot;:&quot;&quot;,&quot;isLinked&quot;:true}}\" data-elementor-post-type=\"page\">\n\t\t\t\t\t\t<section class=\"elementor-section elementor-top-section elementor-element elementor-element-859bd95 elementor-section-height-min-height elementor-section-boxed elementor-section-height-default elementor-section-items-middle\" data-id=\"859bd95\" data-element_type=\"section\" data-settings=\"{&quot;background_background&quot;:&quot;classic&quot;}\">\n\t\t\t\t\t\t<div class=\"elementor-container elementor-column-gap-default\">\n\t\t\t\t\t<div class=\"elementor-column elementor-col-100 elementor-top-column elementor-element elementor-element-f0b1ee4\" data-id=\"f0b1ee4\" data-element_type=\"column\">\n\t\t\t<div class=\"elementor-widget-wrap elementor-element-populated\">\n\t\t\t\t\t\t<div class=\"elementor-element elementor-element-7c2f827 elementor-widget elementor-widget-text-editor\" data-id=\"7c2f827\" data-element_type=\"widget\" data-widget_type=\"text-editor.default\">\n\t\t\t\t<div class=\"elementor-widget-container\">\n\t\t\t\t\t\t\t\t\t<p>Pa\u0161laik DAMING ir izveidojis desmit pakalpojumu centrus, kuru galven\u0101 m\u012btne ir Wuxi, vienu ra\u017eo\u0161anas b\u0101zi gar Jandzi upi (JINGJIANG) un divas ostas (JIAXING un JINGJIANG), un t\u0101 klienti ir vair\u0101k nek\u0101 30 nozaru vado\u0161ie uz\u0146\u0113mumi. DAMING International Holdings (01090. HK) 2010. gad\u0101 tika kot\u0113ts Honkongas Fondu bir\u017eas galvenaj\u0101 sarakst\u0101; 2022. gad\u0101 ner\u016bs\u0113jo\u0161\u0101 t\u0113rauda un oglek\u013ca t\u0113rauda p\u0101rdo\u0161anas apjoms sasniedza 1,85 miljonus tonnu un 4,02 miljonus tonnu, bet p\u0101rdo\u0161anas ien\u0101kumi sasniedza 7,4 miljardus dol\u0101ru.<\/p>\t\t\t\t\t\t\t\t<\/div>\n\t\t\t\t<\/div>\n\t\t\t\t<div class=\"elementor-element elementor-element-cc40b25 elementor-widget elementor-widget-global elementor-global-370 elementor-widget-bdt-breadcrumbs\" data-id=\"cc40b25\" data-element_type=\"widget\" data-widget_type=\"bdt-breadcrumbs.default\">\n\t\t\t\t<div class=\"elementor-widget-container\">\n\t\t\t\t\t<div class='bdt-ep-breadcrumbs-wrapper'><ul class=\"bdt-ep-breadcrumb breadcrumb-align-left\"><li><a href=\"https:\/\/www.dmsteels.com\/lv\/\">\u0136\u012bnas t\u0113rauda apstr\u0101des pieg\u0101des centrs - Daming<\/a><\/li>\n<li><span> \u03a3\u03b5\u03bb\u03af\u03b4\u03b1<\/span><\/li>\n<\/ul><\/div>\t\t\t\t<\/div>\n\t\t\t\t<\/div>\n\t\t\t\t\t<\/div>\n\t\t<\/div>\n\t\t\t\t\t<\/div>\n\t\t<\/section>\n\t\t\t\t<section class=\"elementor-section elementor-top-section elementor-element elementor-element-1df4f38 elementor-section-boxed elementor-section-height-default elementor-section-height-default\" data-id=\"1df4f38\" data-element_type=\"section\">\n\t\t\t\t\t\t<div class=\"elementor-container elementor-column-gap-no\">\n\t\t\t\t\t<div class=\"elementor-column elementor-col-100 elementor-top-column elementor-element elementor-element-321ea31\" data-id=\"321ea31\" data-element_type=\"column\">\n\t\t\t<div class=\"elementor-widget-wrap elementor-element-populated\">\n\t\t\t\t\t\t<div class=\"elementor-element elementor-element-ebbb29f elementor-nav-menu__align-justify elementor-nav-menu--dropdown-mobile elementor-nav-menu__text-align-aside elementor-nav-menu--toggle elementor-nav-menu--burger elementor-widget elementor-widget-global elementor-global-366 elementor-widget-nav-menu\" data-id=\"ebbb29f\" data-element_type=\"widget\" data-settings=\"{&quot;layout&quot;:&quot;horizontal&quot;,&quot;submenu_icon&quot;:{&quot;value&quot;:&quot;fas fa-caret-down&quot;,&quot;library&quot;:&quot;fa-solid&quot;},&quot;toggle&quot;:&quot;burger&quot;}\" data-widget_type=\"nav-menu.default\">\n\t\t\t\t<div class=\"elementor-widget-container\">\n\t\t\t\t\t\t\t\t<nav aria-label=\"Menu\" class=\"elementor-nav-menu--main elementor-nav-menu__container elementor-nav-menu--layout-horizontal e--pointer-text e--animation-grow\">\n\t\t\t\t<ul id=\"menu-1-ebbb29f\" class=\"elementor-nav-menu\"><li class=\"menu-item menu-item-type-post_type menu-item-object-page menu-item-333\"><a href=\"https:\/\/www.dmsteels.com\/lv\/about-daming\/\" class=\"elementor-item\">Par Daming<\/a><\/li>\n<li class=\"menu-item menu-item-type-post_type menu-item-object-page menu-item-363\"><a href=\"https:\/\/www.dmsteels.com\/lv\/company-culture\/\" class=\"elementor-item\">uz\u0146\u0113muma kult\u016bra<\/a><\/li>\n<li class=\"menu-item menu-item-type-post_type menu-item-object-page menu-item-364\"><a href=\"https:\/\/www.dmsteels.com\/lv\/layout-sectors\/\" class=\"elementor-item\">Izk\u0101rtojuma sektori<\/a><\/li>\n<li class=\"menu-item menu-item-type-post_type menu-item-object-page menu-item-682\"><a href=\"https:\/\/www.dmsteels.com\/lv\/overseas-programs\/\" class=\"elementor-item\">\u0100rzemju programmas<\/a><\/li>\n<\/ul>\t\t\t<\/nav>\n\t\t\t\t\t<div class=\"elementor-menu-toggle\" role=\"button\" tabindex=\"0\" aria-label=\"Menu Toggle\" aria-expanded=\"false\">\n\t\t\t<i aria-hidden=\"true\" role=\"presentation\" class=\"elementor-menu-toggle__icon--open eicon-menu-bar\"><\/i><i aria-hidden=\"true\" role=\"presentation\" class=\"elementor-menu-toggle__icon--close eicon-close\"><\/i>\t\t<\/div>\n\t\t\t\t\t<nav class=\"elementor-nav-menu--dropdown elementor-nav-menu__container\" aria-hidden=\"true\">\n\t\t\t\t<ul id=\"menu-2-ebbb29f\" class=\"elementor-nav-menu\"><li class=\"menu-item menu-item-type-post_type menu-item-object-page menu-item-333\"><a href=\"https:\/\/www.dmsteels.com\/lv\/about-daming\/\" class=\"elementor-item\" tabindex=\"-1\">Par Daming<\/a><\/li>\n<li class=\"menu-item menu-item-type-post_type menu-item-object-page menu-item-363\"><a href=\"https:\/\/www.dmsteels.com\/lv\/company-culture\/\" class=\"elementor-item\" tabindex=\"-1\">uz\u0146\u0113muma kult\u016bra<\/a><\/li>\n<li class=\"menu-item menu-item-type-post_type menu-item-object-page menu-item-364\"><a href=\"https:\/\/www.dmsteels.com\/lv\/layout-sectors\/\" class=\"elementor-item\" tabindex=\"-1\">Izk\u0101rtojuma sektori<\/a><\/li>\n<li class=\"menu-item menu-item-type-post_type menu-item-object-page menu-item-682\"><a href=\"https:\/\/www.dmsteels.com\/lv\/overseas-programs\/\" class=\"elementor-item\" tabindex=\"-1\">\u0100rzemju programmas<\/a><\/li>\n<\/ul>\t\t\t<\/nav>\n\t\t\t\t\t\t<\/div>\n\t\t\t\t<\/div>\n\t\t\t\t\t<\/div>\n\t\t<\/div>\n\t\t\t\t\t<\/div>\n\t\t<\/section>\n\t\t\t\t<section class=\"elementor-section elementor-top-section elementor-element elementor-element-a34800b elementor-section-boxed elementor-section-height-default elementor-section-height-default\" data-id=\"a34800b\" data-element_type=\"section\">\n\t\t\t\t\t\t<div class=\"elementor-container elementor-column-gap-default\">\n\t\t\t\t\t<div class=\"elementor-column elementor-col-100 elementor-top-column elementor-element elementor-element-563ee6f\" data-id=\"563ee6f\" data-element_type=\"column\">\n\t\t\t<div class=\"elementor-widget-wrap elementor-element-populated\">\n\t\t\t\t\t\t<div class=\"elementor-element elementor-element-710e370 elementor-widget-divider--view-line_text elementor-widget-divider--element-align-center elementor-widget elementor-widget-divider\" data-id=\"710e370\" data-element_type=\"widget\" data-widget_type=\"divider.default\">\n\t\t\t\t<div class=\"elementor-widget-container\">\n\t\t\t\t\t\t\t<div class=\"elementor-divider\">\n\t\t\t<span class=\"elementor-divider-separator\">\n\t\t\t\t\t\t\t<h2 class=\"elementor-divider__text elementor-divider__element\">\n\t\t\t\tAmatnieks Daming\t\t\t\t<\/h2>\n\t\t\t\t\t\t<\/span>\n\t\t<\/div>\n\t\t\t\t\t\t<\/div>\n\t\t\t\t<\/div>\n\t\t\t\t<div class=\"elementor-element elementor-element-4d34f2d elementor-widget elementor-widget-image\" data-id=\"4d34f2d\" data-element_type=\"widget\" data-widget_type=\"image.default\">\n\t\t\t\t<div class=\"elementor-widget-container\">\n\t\t\t\t\t\t\t\t\t\t\t\t\t\t\t<img loading=\"lazy\" decoding=\"async\" width=\"1568\" height=\"688\" src=\"https:\/\/www.dmsteels.com\/wp-content\/uploads\/2023\/07\/b339NfRp6307e816yi57E1cLL4ba3oCS.webp\" class=\"attachment-full size-full wp-image-355\" alt=\"uz\u0146\u0113muma kult\u016bra\" srcset=\"https:\/\/www.dmsteels.com\/wp-content\/uploads\/2023\/07\/b339NfRp6307e816yi57E1cLL4ba3oCS.webp 1568w, https:\/\/www.dmsteels.com\/wp-content\/uploads\/2023\/07\/b339NfRp6307e816yi57E1cLL4ba3oCS-300x132.webp 300w, https:\/\/www.dmsteels.com\/wp-content\/uploads\/2023\/07\/b339NfRp6307e816yi57E1cLL4ba3oCS-1024x449.webp 1024w, https:\/\/www.dmsteels.com\/wp-content\/uploads\/2023\/07\/b339NfRp6307e816yi57E1cLL4ba3oCS-768x337.webp 768w, https:\/\/www.dmsteels.com\/wp-content\/uploads\/2023\/07\/b339NfRp6307e816yi57E1cLL4ba3oCS-1536x674.webp 1536w\" sizes=\"auto, (max-width: 1568px) 100vw, 1568px\" \/>\t\t\t\t\t\t\t\t\t\t\t\t\t\t\t<\/div>\n\t\t\t\t<\/div>\n\t\t\t\t\t<\/div>\n\t\t<\/div>\n\t\t\t\t\t<\/div>\n\t\t<\/section>\n\t\t\t\t<section class=\"elementor-section elementor-top-section elementor-element elementor-element-4325f26 elementor-section-boxed elementor-section-height-default elementor-section-height-default\" data-id=\"4325f26\" data-element_type=\"section\">\n\t\t\t\t\t\t<div class=\"elementor-container elementor-column-gap-default\">\n\t\t\t\t\t<div class=\"elementor-column elementor-col-100 elementor-top-column elementor-element elementor-element-c545221\" data-id=\"c545221\" data-element_type=\"column\">\n\t\t\t<div class=\"elementor-widget-wrap elementor-element-populated\">\n\t\t\t\t\t\t<div class=\"elementor-element elementor-element-048b890 elementor-widget-divider--view-line_text elementor-widget-divider--element-align-center elementor-widget elementor-widget-divider\" data-id=\"048b890\" data-element_type=\"widget\" data-widget_type=\"divider.default\">\n\t\t\t\t<div class=\"elementor-widget-container\">\n\t\t\t\t\t\t\t<div class=\"elementor-divider\">\n\t\t\t<span class=\"elementor-divider-separator\">\n\t\t\t\t\t\t\t<h2 class=\"elementor-divider__text elementor-divider__element\">\n\t\t\t\tNotikumi Daming\t\t\t\t<\/h2>\n\t\t\t\t\t\t<\/span>\n\t\t<\/div>\n\t\t\t\t\t\t<\/div>\n\t\t\t\t<\/div>\n\t\t\t\t<div class=\"elementor-element elementor-element-f01a2a6 elementor-widget elementor-widget-image\" data-id=\"f01a2a6\" data-element_type=\"widget\" data-widget_type=\"image.default\">\n\t\t\t\t<div class=\"elementor-widget-container\">\n\t\t\t\t\t\t\t\t\t\t\t\t\t\t\t<img loading=\"lazy\" decoding=\"async\" width=\"1568\" height=\"625\" src=\"https:\/\/www.dmsteels.com\/wp-content\/uploads\/2023\/07\/1t6i6zwlwGsJ3279V383OJM15U1Ttu03.webp\" class=\"attachment-full size-full wp-image-356\" alt=\"uz\u0146\u0113muma kult\u016bra\" srcset=\"https:\/\/www.dmsteels.com\/wp-content\/uploads\/2023\/07\/1t6i6zwlwGsJ3279V383OJM15U1Ttu03.webp 1568w, https:\/\/www.dmsteels.com\/wp-content\/uploads\/2023\/07\/1t6i6zwlwGsJ3279V383OJM15U1Ttu03-300x120.webp 300w, https:\/\/www.dmsteels.com\/wp-content\/uploads\/2023\/07\/1t6i6zwlwGsJ3279V383OJM15U1Ttu03-1024x408.webp 1024w, https:\/\/www.dmsteels.com\/wp-content\/uploads\/2023\/07\/1t6i6zwlwGsJ3279V383OJM15U1Ttu03-768x306.webp 768w, https:\/\/www.dmsteels.com\/wp-content\/uploads\/2023\/07\/1t6i6zwlwGsJ3279V383OJM15U1Ttu03-1536x612.webp 1536w\" sizes=\"auto, (max-width: 1568px) 100vw, 1568px\" \/>\t\t\t\t\t\t\t\t\t\t\t\t\t\t\t<\/div>\n\t\t\t\t<\/div>\n\t\t\t\t\t<\/div>\n\t\t<\/div>\n\t\t\t\t\t<\/div>\n\t\t<\/section>\n\t\t\t\t<section class=\"elementor-section elementor-top-section elementor-element elementor-element-54b55fb elementor-section-boxed elementor-section-height-default elementor-section-height-default\" data-id=\"54b55fb\" data-element_type=\"section\">\n\t\t\t\t\t\t<div class=\"elementor-container elementor-column-gap-default\">\n\t\t\t\t\t<div class=\"elementor-column elementor-col-100 elementor-top-column elementor-element elementor-element-91cbc57\" data-id=\"91cbc57\" data-element_type=\"column\">\n\t\t\t<div class=\"elementor-widget-wrap elementor-element-populated\">\n\t\t\t\t\t\t<div class=\"elementor-element elementor-element-097c2b9 elementor-widget-divider--view-line_text elementor-widget-divider--element-align-center elementor-widget elementor-widget-divider\" data-id=\"097c2b9\" data-element_type=\"widget\" data-widget_type=\"divider.default\">\n\t\t\t\t<div class=\"elementor-widget-container\">\n\t\t\t\t\t\t\t<div class=\"elementor-divider\">\n\t\t\t<span class=\"elementor-divider-separator\">\n\t\t\t\t\t\t\t<h2 class=\"elementor-divider__text elementor-divider__element\">\n\t\t\t\tVesel\u012bgs Daming\t\t\t\t<\/h2>\n\t\t\t\t\t\t<\/span>\n\t\t<\/div>\n\t\t\t\t\t\t<\/div>\n\t\t\t\t<\/div>\n\t\t\t\t<div class=\"elementor-element elementor-element-3881354 elementor-widget elementor-widget-image\" data-id=\"3881354\" data-element_type=\"widget\" data-widget_type=\"image.default\">\n\t\t\t\t<div class=\"elementor-widget-container\">\n\t\t\t\t\t\t\t\t\t\t\t\t\t\t\t<img loading=\"lazy\" decoding=\"async\" width=\"1568\" height=\"712\" src=\"https:\/\/www.dmsteels.com\/wp-content\/uploads\/2023\/07\/O3e77kA0x6r363v61czpDU24J382JvPh.webp\" class=\"attachment-full size-full wp-image-357\" alt=\"uz\u0146\u0113muma kult\u016bra\" srcset=\"https:\/\/www.dmsteels.com\/wp-content\/uploads\/2023\/07\/O3e77kA0x6r363v61czpDU24J382JvPh.webp 1568w, https:\/\/www.dmsteels.com\/wp-content\/uploads\/2023\/07\/O3e77kA0x6r363v61czpDU24J382JvPh-300x136.webp 300w, https:\/\/www.dmsteels.com\/wp-content\/uploads\/2023\/07\/O3e77kA0x6r363v61czpDU24J382JvPh-1024x465.webp 1024w, https:\/\/www.dmsteels.com\/wp-content\/uploads\/2023\/07\/O3e77kA0x6r363v61czpDU24J382JvPh-768x349.webp 768w, https:\/\/www.dmsteels.com\/wp-content\/uploads\/2023\/07\/O3e77kA0x6r363v61czpDU24J382JvPh-1536x697.webp 1536w\" sizes=\"auto, (max-width: 1568px) 100vw, 1568px\" \/>\t\t\t\t\t\t\t\t\t\t\t\t\t\t\t<\/div>\n\t\t\t\t<\/div>\n\t\t\t\t\t<\/div>\n\t\t<\/div>\n\t\t\t\t\t<\/div>\n\t\t<\/section>\n\t\t\t\t<section class=\"elementor-section elementor-top-section elementor-element elementor-element-73176a7 elementor-section-boxed elementor-section-height-default elementor-section-height-default\" data-id=\"73176a7\" data-element_type=\"section\">\n\t\t\t\t\t\t<div class=\"elementor-container elementor-column-gap-default\">\n\t\t\t\t\t<div class=\"elementor-column elementor-col-100 elementor-top-column elementor-element elementor-element-be293d7\" data-id=\"be293d7\" data-element_type=\"column\">\n\t\t\t<div class=\"elementor-widget-wrap elementor-element-populated\">\n\t\t\t\t\t\t<div class=\"elementor-element elementor-element-8152949 elementor-widget-divider--view-line_text elementor-widget-divider--element-align-center elementor-widget elementor-widget-divider\" data-id=\"8152949\" data-element_type=\"widget\" data-widget_type=\"divider.default\">\n\t\t\t\t<div class=\"elementor-widget-container\">\n\t\t\t\t\t\t\t<div class=\"elementor-divider\">\n\t\t\t<span class=\"elementor-divider-separator\">\n\t\t\t\t\t\t\t<h2 class=\"elementor-divider__text elementor-divider__element\">\n\t\t\t\tkopiena Daming\t\t\t\t<\/h2>\n\t\t\t\t\t\t<\/span>\n\t\t<\/div>\n\t\t\t\t\t\t<\/div>\n\t\t\t\t<\/div>\n\t\t\t\t<div class=\"elementor-element elementor-element-324ce61 elementor-widget elementor-widget-image\" data-id=\"324ce61\" data-element_type=\"widget\" data-widget_type=\"image.default\">\n\t\t\t\t<div class=\"elementor-widget-container\">\n\t\t\t\t\t\t\t\t\t\t\t\t\t\t\t<img loading=\"lazy\" decoding=\"async\" width=\"1568\" height=\"673\" src=\"https:\/\/www.dmsteels.com\/wp-content\/uploads\/2023\/07\/DE9t4EqH96npUIGK033019URS8R7R643.webp\" class=\"attachment-full size-full wp-image-358\" alt=\"uz\u0146\u0113muma kult\u016bra\" srcset=\"https:\/\/www.dmsteels.com\/wp-content\/uploads\/2023\/07\/DE9t4EqH96npUIGK033019URS8R7R643.webp 1568w, https:\/\/www.dmsteels.com\/wp-content\/uploads\/2023\/07\/DE9t4EqH96npUIGK033019URS8R7R643-300x129.webp 300w, https:\/\/www.dmsteels.com\/wp-content\/uploads\/2023\/07\/DE9t4EqH96npUIGK033019URS8R7R643-1024x440.webp 1024w, https:\/\/www.dmsteels.com\/wp-content\/uploads\/2023\/07\/DE9t4EqH96npUIGK033019URS8R7R643-768x330.webp 768w, https:\/\/www.dmsteels.com\/wp-content\/uploads\/2023\/07\/DE9t4EqH96npUIGK033019URS8R7R643-1536x659.webp 1536w\" sizes=\"auto, (max-width: 1568px) 100vw, 1568px\" \/>\t\t\t\t\t\t\t\t\t\t\t\t\t\t\t<\/div>\n\t\t\t\t<\/div>\n\t\t\t\t\t<\/div>\n\t\t<\/div>\n\t\t\t\t\t<\/div>\n\t\t<\/section>\n\t\t\t\t<section class=\"elementor-section elementor-top-section elementor-element elementor-element-163fa3e elementor-section-boxed elementor-section-height-default elementor-section-height-default\" data-id=\"163fa3e\" data-element_type=\"section\">\n\t\t\t\t\t\t<div class=\"elementor-container elementor-column-gap-default\">\n\t\t\t\t\t<div class=\"elementor-column elementor-col-100 elementor-top-column elementor-element elementor-element-a086d0c\" data-id=\"a086d0c\" data-element_type=\"column\">\n\t\t\t<div class=\"elementor-widget-wrap elementor-element-populated\">\n\t\t\t\t\t\t<div class=\"elementor-element elementor-element-d8fa42d elementor-widget-divider--view-line_text elementor-widget-divider--element-align-center elementor-widget elementor-widget-divider\" data-id=\"d8fa42d\" data-element_type=\"widget\" data-widget_type=\"divider.default\">\n\t\t\t\t<div class=\"elementor-widget-container\">\n\t\t\t\t\t\t\t<div class=\"elementor-divider\">\n\t\t\t<span class=\"elementor-divider-separator\">\n\t\t\t\t\t\t\t<h2 class=\"elementor-divider__text elementor-divider__element\">\n\t\t\t\tlabkl\u0101j\u012bba Daming\t\t\t\t<\/h2>\n\t\t\t\t\t\t<\/span>\n\t\t<\/div>\n\t\t\t\t\t\t<\/div>\n\t\t\t\t<\/div>\n\t\t\t\t<div class=\"elementor-element elementor-element-50e7185 elementor-widget elementor-widget-image\" data-id=\"50e7185\" data-element_type=\"widget\" data-widget_type=\"image.default\">\n\t\t\t\t<div class=\"elementor-widget-container\">\n\t\t\t\t\t\t\t\t\t\t\t\t\t\t\t<img loading=\"lazy\" decoding=\"async\" width=\"1668\" height=\"673\" src=\"https:\/\/www.dmsteels.com\/wp-content\/uploads\/2023\/07\/1m9471e3vT6te4FH6o0n1ihu993hXNa0.webp\" class=\"attachment-full size-full wp-image-359\" alt=\"uz\u0146\u0113muma kult\u016bra\" srcset=\"https:\/\/www.dmsteels.com\/wp-content\/uploads\/2023\/07\/1m9471e3vT6te4FH6o0n1ihu993hXNa0.webp 1668w, https:\/\/www.dmsteels.com\/wp-content\/uploads\/2023\/07\/1m9471e3vT6te4FH6o0n1ihu993hXNa0-300x121.webp 300w, https:\/\/www.dmsteels.com\/wp-content\/uploads\/2023\/07\/1m9471e3vT6te4FH6o0n1ihu993hXNa0-1024x413.webp 1024w, https:\/\/www.dmsteels.com\/wp-content\/uploads\/2023\/07\/1m9471e3vT6te4FH6o0n1ihu993hXNa0-768x310.webp 768w, https:\/\/www.dmsteels.com\/wp-content\/uploads\/2023\/07\/1m9471e3vT6te4FH6o0n1ihu993hXNa0-1536x620.webp 1536w\" sizes=\"auto, (max-width: 1668px) 100vw, 1668px\" \/>\t\t\t\t\t\t\t\t\t\t\t\t\t\t\t<\/div>\n\t\t\t\t<\/div>\n\t\t\t\t\t<\/div>\n\t\t<\/div>\n\t\t\t\t\t<\/div>\n\t\t<\/section>\n\t\t\t\t<section class=\"elementor-section elementor-top-section elementor-element elementor-element-390cadd elementor-section-boxed elementor-section-height-default elementor-section-height-default\" data-id=\"390cadd\" data-element_type=\"section\">\n\t\t\t\t\t\t<div class=\"elementor-container elementor-column-gap-default\">\n\t\t\t\t\t<div class=\"elementor-column elementor-col-100 elementor-top-column elementor-element elementor-element-9035448\" data-id=\"9035448\" data-element_type=\"column\">\n\t\t\t<div class=\"elementor-widget-wrap elementor-element-populated\">\n\t\t\t\t\t\t<div class=\"elementor-element elementor-element-12ac937 elementor-widget-divider--view-line_text elementor-widget-divider--element-align-center elementor-widget elementor-widget-divider\" data-id=\"12ac937\" data-element_type=\"widget\" data-widget_type=\"divider.default\">\n\t\t\t\t<div class=\"elementor-widget-container\">\n\t\t\t\t\t\t\t<div class=\"elementor-divider\">\n\t\t\t<span class=\"elementor-divider-separator\">\n\t\t\t\t\t\t\t<h2 class=\"elementor-divider__text elementor-divider__element\">\n\t\t\t\tpartiju \u0113ka Daming\t\t\t\t<\/h2>\n\t\t\t\t\t\t<\/span>\n\t\t<\/div>\n\t\t\t\t\t\t<\/div>\n\t\t\t\t<\/div>\n\t\t\t\t<div class=\"elementor-element elementor-element-d5ed12a elementor-widget elementor-widget-image\" data-id=\"d5ed12a\" data-element_type=\"widget\" data-widget_type=\"image.default\">\n\t\t\t\t<div class=\"elementor-widget-container\">\n\t\t\t\t\t\t\t\t\t\t\t\t\t\t\t<img loading=\"lazy\" decoding=\"async\" width=\"1568\" height=\"624\" src=\"https:\/\/www.dmsteels.com\/wp-content\/uploads\/2023\/07\/4B396Qh9Y0360Sd15fSI67VpDN7L0WfX.webp\" class=\"attachment-full size-full wp-image-360\" alt=\"uz\u0146\u0113muma kult\u016bra\" srcset=\"https:\/\/www.dmsteels.com\/wp-content\/uploads\/2023\/07\/4B396Qh9Y0360Sd15fSI67VpDN7L0WfX.webp 1568w, https:\/\/www.dmsteels.com\/wp-content\/uploads\/2023\/07\/4B396Qh9Y0360Sd15fSI67VpDN7L0WfX-300x119.webp 300w, https:\/\/www.dmsteels.com\/wp-content\/uploads\/2023\/07\/4B396Qh9Y0360Sd15fSI67VpDN7L0WfX-1024x408.webp 1024w, https:\/\/www.dmsteels.com\/wp-content\/uploads\/2023\/07\/4B396Qh9Y0360Sd15fSI67VpDN7L0WfX-768x306.webp 768w, https:\/\/www.dmsteels.com\/wp-content\/uploads\/2023\/07\/4B396Qh9Y0360Sd15fSI67VpDN7L0WfX-1536x611.webp 1536w\" sizes=\"auto, (max-width: 1568px) 100vw, 1568px\" \/>\t\t\t\t\t\t\t\t\t\t\t\t\t\t\t<\/div>\n\t\t\t\t<\/div>\n\t\t\t\t\t<\/div>\n\t\t<\/div>\n\t\t\t\t\t<\/div>\n\t\t<\/section>\n\t\t\t\t<\/div>","protected":false},"excerpt":{"rendered":"<p>Currently, DAMING has established ten service centers with Wuxi as the headquarters, one manufacturing base along the Yangtze River (JINGJIANG) and two ports (JIAXING and JINGJIANG) and has customers covering the top enterprises in more than 30 industries. In 2010, DAMING International Holdings (01090. HK) was listed on the main board of the Hong Kong [&hellip;]<\/p>","protected":false},"author":1,"featured_media":0,"parent":0,"menu_order":0,"comment_status":"closed","ping_status":"closed","template":"","meta":{"_acf_changed":false,"footnotes":""},"class_list":["post-353","page","type-page","status-publish","hentry"],"acf":[],"_links":{"self":[{"href":"https:\/\/www.dmsteels.com\/lv\/wp-json\/wp\/v2\/pages\/353","targetHints":{"allow":["GET"]}}],"collection":[{"href":"https:\/\/www.dmsteels.com\/lv\/wp-json\/wp\/v2\/pages"}],"about":[{"href":"https:\/\/www.dmsteels.com\/lv\/wp-json\/wp\/v2\/types\/page"}],"author":[{"embeddable":true,"href":"https:\/\/www.dmsteels.com\/lv\/wp-json\/wp\/v2\/users\/1"}],"replies":[{"embeddable":true,"href":"https:\/\/www.dmsteels.com\/lv\/wp-json\/wp\/v2\/comments?post=353"}],"version-history":[{"count":0,"href":"https:\/\/www.dmsteels.com\/lv\/wp-json\/wp\/v2\/pages\/353\/revisions"}],"wp:attachment":[{"href":"https:\/\/www.dmsteels.com\/lv\/wp-json\/wp\/v2\/media?parent=353"}],"curies":[{"name":"wp","href":"https:\/\/api.w.org\/{rel}","templated":true}]}}