{"id":893,"date":"2023-09-04T18:47:36","date_gmt":"2023-09-04T10:47:36","guid":{"rendered":"https:\/\/www.dmsteels.com\/?page_id=893"},"modified":"2024-11-22T14:50:15","modified_gmt":"2024-11-22T06:50:15","slug":"carbon-steel-business","status":"publish","type":"page","link":"https:\/\/www.dmsteels.com\/fr\/carbon-steel-business\/","title":{"rendered":"Activit\u00e9s li\u00e9es \u00e0 l'acier au carbone"},"content":{"rendered":"<div data-elementor-type=\"wp-page\" data-elementor-id=\"893\" class=\"elementor elementor-893\" data-elementor-settings=\"{&quot;element_pack_global_tooltip_width&quot;:{&quot;unit&quot;:&quot;px&quot;,&quot;size&quot;:&quot;&quot;,&quot;sizes&quot;:[]},&quot;element_pack_global_tooltip_width_tablet&quot;:{&quot;unit&quot;:&quot;px&quot;,&quot;size&quot;:&quot;&quot;,&quot;sizes&quot;:[]},&quot;element_pack_global_tooltip_width_mobile&quot;:{&quot;unit&quot;:&quot;px&quot;,&quot;size&quot;:&quot;&quot;,&quot;sizes&quot;:[]},&quot;element_pack_global_tooltip_padding&quot;:{&quot;unit&quot;:&quot;px&quot;,&quot;top&quot;:&quot;&quot;,&quot;right&quot;:&quot;&quot;,&quot;bottom&quot;:&quot;&quot;,&quot;left&quot;:&quot;&quot;,&quot;isLinked&quot;:true},&quot;element_pack_global_tooltip_padding_tablet&quot;:{&quot;unit&quot;:&quot;px&quot;,&quot;top&quot;:&quot;&quot;,&quot;right&quot;:&quot;&quot;,&quot;bottom&quot;:&quot;&quot;,&quot;left&quot;:&quot;&quot;,&quot;isLinked&quot;:true},&quot;element_pack_global_tooltip_padding_mobile&quot;:{&quot;unit&quot;:&quot;px&quot;,&quot;top&quot;:&quot;&quot;,&quot;right&quot;:&quot;&quot;,&quot;bottom&quot;:&quot;&quot;,&quot;left&quot;:&quot;&quot;,&quot;isLinked&quot;:true},&quot;element_pack_global_tooltip_border_radius&quot;:{&quot;unit&quot;:&quot;px&quot;,&quot;top&quot;:&quot;&quot;,&quot;right&quot;:&quot;&quot;,&quot;bottom&quot;:&quot;&quot;,&quot;left&quot;:&quot;&quot;,&quot;isLinked&quot;:true},&quot;element_pack_global_tooltip_border_radius_tablet&quot;:{&quot;unit&quot;:&quot;px&quot;,&quot;top&quot;:&quot;&quot;,&quot;right&quot;:&quot;&quot;,&quot;bottom&quot;:&quot;&quot;,&quot;left&quot;:&quot;&quot;,&quot;isLinked&quot;:true},&quot;element_pack_global_tooltip_border_radius_mobile&quot;:{&quot;unit&quot;:&quot;px&quot;,&quot;top&quot;:&quot;&quot;,&quot;right&quot;:&quot;&quot;,&quot;bottom&quot;:&quot;&quot;,&quot;left&quot;:&quot;&quot;,&quot;isLinked&quot;:true}}\" data-elementor-post-type=\"page\">\n\t\t\t\t\t\t<section class=\"elementor-section elementor-top-section elementor-element elementor-element-38d4969 elementor-section-height-min-height elementor-section-boxed elementor-section-height-default elementor-section-items-middle\" data-id=\"38d4969\" data-element_type=\"section\" data-settings=\"{&quot;background_background&quot;:&quot;classic&quot;}\">\n\t\t\t\t\t\t<div class=\"elementor-container elementor-column-gap-default\">\n\t\t\t\t\t<div class=\"elementor-column elementor-col-100 elementor-top-column elementor-element elementor-element-4b9007c\" data-id=\"4b9007c\" data-element_type=\"column\">\n\t\t\t<div class=\"elementor-widget-wrap elementor-element-populated\">\n\t\t\t\t\t\t<div class=\"elementor-element elementor-element-c939e3f elementor-widget elementor-widget-text-editor\" data-id=\"c939e3f\" data-element_type=\"widget\" data-widget_type=\"text-editor.default\">\n\t\t\t\t<div class=\"elementor-widget-container\">\n\t\t\t\t\t\t\t\t\t<p>Les services de Daming couvrent plus de 30 secteurs, dont l'automobile, l'\u00e9lectrom\u00e9nager, les ascenseurs, les machines de construction, les \u00e9quipements miniers et de cimenterie, la p\u00e9trochimie, les nouvelles \u00e9nergies, les \u00e9quipements \u00e9nerg\u00e9tiques, les navires, etc.<\/p>\t\t\t\t\t\t\t\t<\/div>\n\t\t\t\t<\/div>\n\t\t\t\t<div class=\"elementor-element elementor-element-a281aa2 elementor-widget elementor-widget-global elementor-global-370 elementor-widget-bdt-breadcrumbs\" data-id=\"a281aa2\" data-element_type=\"widget\" data-widget_type=\"bdt-breadcrumbs.default\">\n\t\t\t\t<div class=\"elementor-widget-container\">\n\t\t\t\t\t<div class='bdt-ep-breadcrumbs-wrapper'><ul class=\"bdt-ep-breadcrumb breadcrumb-align-left\"><li><a href=\"https:\/\/www.dmsteels.com\/fr\/\">Centre d'approvisionnement pour la transformation de l'acier en Chine - Daming<\/a><\/li>\n<li><span> Oldal<\/span><\/li>\n<\/ul><\/div>\t\t\t\t<\/div>\n\t\t\t\t<\/div>\n\t\t\t\t\t<\/div>\n\t\t<\/div>\n\t\t\t\t\t<\/div>\n\t\t<\/section>\n\t\t\t\t<section class=\"elementor-section elementor-top-section elementor-element elementor-element-01072ec elementor-section-boxed elementor-section-height-default elementor-section-height-default\" data-id=\"01072ec\" data-element_type=\"section\">\n\t\t\t\t\t\t<div class=\"elementor-container elementor-column-gap-default\">\n\t\t\t\t\t<div class=\"elementor-column elementor-col-100 elementor-top-column elementor-element elementor-element-32fe34a\" data-id=\"32fe34a\" data-element_type=\"column\">\n\t\t\t<div class=\"elementor-widget-wrap elementor-element-populated\">\n\t\t\t\t\t\t<div class=\"elementor-element elementor-element-8cceef6 elementor-nav-menu__align-justify elementor-nav-menu--dropdown-mobile elementor-nav-menu--stretch business-nav elementor-nav-menu__text-align-aside elementor-nav-menu--toggle elementor-nav-menu--burger elementor-widget elementor-widget-nav-menu\" data-id=\"8cceef6\" data-element_type=\"widget\" data-settings=\"{&quot;full_width&quot;:&quot;stretch&quot;,&quot;layout&quot;:&quot;horizontal&quot;,&quot;submenu_icon&quot;:{&quot;value&quot;:&quot;&lt;i class=\\&quot;fas fa-caret-down\\&quot;&gt;&lt;\\\/i&gt;&quot;,&quot;library&quot;:&quot;fa-solid&quot;},&quot;toggle&quot;:&quot;burger&quot;}\" data-widget_type=\"nav-menu.default\">\n\t\t\t\t<div class=\"elementor-widget-container\">\n\t\t\t\t\t\t\t\t<nav aria-label=\"Menu\" class=\"elementor-nav-menu--main elementor-nav-menu__container elementor-nav-menu--layout-horizontal e--pointer-background e--animation-fade\">\n\t\t\t\t<ul id=\"menu-1-8cceef6\" class=\"elementor-nav-menu\"><li class=\"menu-item menu-item-type-post_type menu-item-object-page menu-item-894\"><a href=\"https:\/\/www.dmsteels.com\/fr\/stainless-steel-business\/\" class=\"elementor-item\">Activit\u00e9s li\u00e9es \u00e0 l'acier inoxydable<\/a><\/li>\n<li class=\"menu-item menu-item-type-post_type menu-item-object-page menu-item-896\"><a href=\"https:\/\/www.dmsteels.com\/fr\/carbon-steel-business\/\" class=\"elementor-item\">Activit\u00e9s li\u00e9es \u00e0 l'acier au carbone<\/a><\/li>\n<li class=\"menu-item menu-item-type-post_type menu-item-object-page menu-item-895\"><a href=\"https:\/\/www.dmsteels.com\/fr\/manufacturing-business\/\" class=\"elementor-item\">Industrie manufacturi\u00e8re<\/a><\/li>\n<li class=\"menu-item menu-item-type-post_type menu-item-object-page menu-item-897\"><a href=\"https:\/\/www.dmsteels.com\/fr\/prefabrication-business\/\" class=\"elementor-item\">Entreprise de pr\u00e9fabrication<\/a><\/li>\n<li class=\"menu-item menu-item-type-post_type menu-item-object-page menu-item-1340\"><a href=\"https:\/\/www.dmsteels.com\/fr\/daming-import-export-business\/\" class=\"elementor-item\">Entreprise d'importation et d'exportation de Daming<\/a><\/li>\n<\/ul>\t\t\t<\/nav>\n\t\t\t\t\t<div class=\"elementor-menu-toggle\" role=\"button\" tabindex=\"0\" aria-label=\"Menu Toggle\" aria-expanded=\"false\">\n\t\t\t<i aria-hidden=\"true\" role=\"presentation\" class=\"elementor-menu-toggle__icon--open eicon-menu-bar\"><\/i><i aria-hidden=\"true\" role=\"presentation\" class=\"elementor-menu-toggle__icon--close eicon-close\"><\/i>\t\t<\/div>\n\t\t\t\t\t<nav class=\"elementor-nav-menu--dropdown elementor-nav-menu__container\" aria-hidden=\"true\">\n\t\t\t\t<ul id=\"menu-2-8cceef6\" class=\"elementor-nav-menu\"><li class=\"menu-item menu-item-type-post_type menu-item-object-page menu-item-894\"><a href=\"https:\/\/www.dmsteels.com\/fr\/stainless-steel-business\/\" class=\"elementor-item\" tabindex=\"-1\">Activit\u00e9s li\u00e9es \u00e0 l'acier inoxydable<\/a><\/li>\n<li class=\"menu-item menu-item-type-post_type menu-item-object-page menu-item-896\"><a href=\"https:\/\/www.dmsteels.com\/fr\/carbon-steel-business\/\" class=\"elementor-item\" tabindex=\"-1\">Activit\u00e9s li\u00e9es \u00e0 l'acier au carbone<\/a><\/li>\n<li class=\"menu-item menu-item-type-post_type menu-item-object-page menu-item-895\"><a href=\"https:\/\/www.dmsteels.com\/fr\/manufacturing-business\/\" class=\"elementor-item\" tabindex=\"-1\">Industrie manufacturi\u00e8re<\/a><\/li>\n<li class=\"menu-item menu-item-type-post_type menu-item-object-page menu-item-897\"><a href=\"https:\/\/www.dmsteels.com\/fr\/prefabrication-business\/\" class=\"elementor-item\" tabindex=\"-1\">Entreprise de pr\u00e9fabrication<\/a><\/li>\n<li class=\"menu-item menu-item-type-post_type menu-item-object-page menu-item-1340\"><a href=\"https:\/\/www.dmsteels.com\/fr\/daming-import-export-business\/\" class=\"elementor-item\" tabindex=\"-1\">Entreprise d'importation et d'exportation de Daming<\/a><\/li>\n<\/ul>\t\t\t<\/nav>\n\t\t\t\t\t\t<\/div>\n\t\t\t\t<\/div>\n\t\t\t\t<div class=\"elementor-element elementor-element-428e0b6 uael-equal__height-yes uael-posts-thumbnail-ratio business-over elementor-widget elementor-widget-uael-posts\" data-id=\"428e0b6\" data-element_type=\"widget\" data-settings=\"{&quot;classic_pagination_type&quot;:&quot;normal&quot;,&quot;classic_slides_to_show&quot;:3,&quot;classic_slides_to_show_tablet&quot;:2,&quot;classic_slides_to_show_mobile&quot;:1}\" data-widget_type=\"uael-posts.classic\">\n\t\t\t\t<div class=\"elementor-widget-container\">\n\t\t\t\t\t\t\t<div class=\"uael-post__header\">\n\t\t\t\t\t<\/div>\n\t\t<div class=\"uael-post__body\">\n\t\t\t\n\t\t\n\t\t<div class=\"uael-blog-terms-position- uael-post-image-top uael-post-grid uael-posts\" data-query-type=\"custom\" data-structure=\"normal\" data-layout=\"\" data-page=\"893\" data-skin=\"classic\" data-filter-default=\"\" data-offset-top=\"30\" >\n\n\t\t\t\t\t\t\t<div class=\"uael-post-grid__inner uael-post__columns-3 uael-post__columns-tablet-2 uael-post__columns-mobile-1\">\n\t\t\t\n<div class=\"uael-post-wrapper\">\n\t<div class=\"uael-post__bg-wrap uael-bg-wrap-disabled\">\n\n\t\t\t\t\n\t\t<div class=\"uael-post__inner-wrap uael-inner-wrap-disabled\">\n\n\t\t\t\t<div class=\"uael-post__thumbnail\">\n\t\t\t\n\t\t\t<a href=\"https:\/\/www.dmsteels.com\/fr\/products\/construction-machinery-industry\/\" target=\"_self\" title=\"Industrie des machines de construction\"><img loading=\"lazy\" decoding=\"async\" width=\"2172\" height=\"1278\" src=\"https:\/\/www.dmsteels.com\/wp-content\/uploads\/2023\/07\/\u5fae\u4fe1\u56fe\u7247_20220421130230.jpg\" class=\"attachment-full size-full wp-image-504\" alt=\"Industrie des machines de construction\" srcset=\"https:\/\/www.dmsteels.com\/wp-content\/uploads\/2023\/07\/\u5fae\u4fe1\u56fe\u7247_20220421130230.jpg 2172w, https:\/\/www.dmsteels.com\/wp-content\/uploads\/2023\/07\/\u5fae\u4fe1\u56fe\u7247_20220421130230-300x177.jpg 300w, https:\/\/www.dmsteels.com\/wp-content\/uploads\/2023\/07\/\u5fae\u4fe1\u56fe\u7247_20220421130230-1024x603.jpg 1024w, https:\/\/www.dmsteels.com\/wp-content\/uploads\/2023\/07\/\u5fae\u4fe1\u56fe\u7247_20220421130230-768x452.jpg 768w, https:\/\/www.dmsteels.com\/wp-content\/uploads\/2023\/07\/\u5fae\u4fe1\u56fe\u7247_20220421130230-1536x904.jpg 1536w, https:\/\/www.dmsteels.com\/wp-content\/uploads\/2023\/07\/\u5fae\u4fe1\u56fe\u7247_20220421130230-2048x1205.jpg 2048w\" sizes=\"auto, (max-width: 2172px) 100vw, 2172px\" \/><\/a>\n\t\t\t\t\t<\/div>\n\t\t\n\t\t\t\n\t\t\t<div class=\"uael-post__content-wrap uael-content-wrap-disabled\">\n\t\t\t\t\t<h2 class=\"uael-post__title\">\n\n\t\t\n\t\t\t\t\t\t<a href=\"https:\/\/www.dmsteels.com\/fr\/products\/construction-machinery-industry\/\" target=\"_self\">\n\t\t\t\tIndustrie des machines de construction\t\t\t<\/a>\n\n\t\t\t\t<\/h2>\n\t\t\n\t\t<div class=\"uael-post__excerpt\">\n\t\t\tDaming Jingjiang Manufacturing Base can provide customers in the construction machinery industry with \"package\" processing solutions, from material selection, leveling, pretreatment, cutting, beveling, molding, riveting ...\t\t<\/div>\n\n\t\t\t\t\t<a class=\"uael-post__read-more elementor-button\" href=\"https:\/\/www.dmsteels.com\/fr\/products\/construction-machinery-industry\/\" target=\"_self\" aria-labelledby=\"uael-post-502\">\n\t\t\t\t\t<span class=\"elementor-button-content-wrapper\">\n\t\t\t\t\t\t\t\t\t\t\t\t\t\t<span class=\"elementor-button-icon elementor-align-icon-right\">\n\n\t\t\t\t\t\t\t\t\t<i aria-hidden=\"true\" class=\"far fa-hand-point-right\"><\/i>\n\t\t\t\t\t\t\t\t<\/span>\n\t\t\t\t\t\t\t\t\t\t\t\t\t\n\t\t\t\t\t\t<span class=\"elementor-button-text\" id=\"uael-post-502\">Lire la suite <\/span>\n\t\t\t\t\t<\/span>\n\t\t\t\t<\/a>\n\t\t\t\t\t\t<\/div>\n\t\t\t\n\t\t<\/div>\n\t\t\n\t<\/div>\n\n<\/div>\n\n<div class=\"uael-post-wrapper\">\n\t<div class=\"uael-post__bg-wrap uael-bg-wrap-disabled\">\n\n\t\t\t\t\n\t\t<div class=\"uael-post__inner-wrap uael-inner-wrap-disabled\">\n\n\t\t\t\t<div class=\"uael-post__thumbnail\">\n\t\t\t\n\t\t\t<a href=\"https:\/\/www.dmsteels.com\/fr\/products\/high-strength-and-wear-resistant-steel-processing\/\" target=\"_self\" title=\"Traitement de l&#039;acier \u00e0 haute r\u00e9sistance et r\u00e9sistant \u00e0 l&#039;usure\"><img loading=\"lazy\" decoding=\"async\" width=\"661\" height=\"476\" src=\"https:\/\/www.dmsteels.com\/wp-content\/uploads\/2023\/07\/\u56fe\u72473.jpg\" class=\"attachment-full size-full wp-image-509\" alt=\"Traitement de l&#039;acier \u00e0 haute r\u00e9sistance et r\u00e9sistant \u00e0 l&#039;usure\" srcset=\"https:\/\/www.dmsteels.com\/wp-content\/uploads\/2023\/07\/\u56fe\u72473.jpg 661w, https:\/\/www.dmsteels.com\/wp-content\/uploads\/2023\/07\/\u56fe\u72473-300x216.jpg 300w\" sizes=\"auto, (max-width: 661px) 100vw, 661px\" \/><\/a>\n\t\t\t\t\t<\/div>\n\t\t\n\t\t\t\n\t\t\t<div class=\"uael-post__content-wrap uael-content-wrap-disabled\">\n\t\t\t\t\t<h2 class=\"uael-post__title\">\n\n\t\t\n\t\t\t\t\t\t<a href=\"https:\/\/www.dmsteels.com\/fr\/products\/high-strength-and-wear-resistant-steel-processing\/\" target=\"_self\">\n\t\t\t\tTraitement de l'acier \u00e0 haute r\u00e9sistance et r\u00e9sistant \u00e0 l'usure\t\t\t<\/a>\n\n\t\t\t\t<\/h2>\n\t\t\n\t\t<div class=\"uael-post__excerpt\">\n\t\t\tRelying on the whole-process service model of \"quality material supply (joint steel mills) + customized processing (combined with process requirements) + JIT logistics\", the \"hard ...\t\t<\/div>\n\n\t\t\t\t\t<a class=\"uael-post__read-more elementor-button\" href=\"https:\/\/www.dmsteels.com\/fr\/products\/high-strength-and-wear-resistant-steel-processing\/\" target=\"_self\" aria-labelledby=\"uael-post-506\">\n\t\t\t\t\t<span class=\"elementor-button-content-wrapper\">\n\t\t\t\t\t\t\t\t\t\t\t\t\t\t<span class=\"elementor-button-icon elementor-align-icon-right\">\n\n\t\t\t\t\t\t\t\t\t<i aria-hidden=\"true\" class=\"far fa-hand-point-right\"><\/i>\n\t\t\t\t\t\t\t\t<\/span>\n\t\t\t\t\t\t\t\t\t\t\t\t\t\n\t\t\t\t\t\t<span class=\"elementor-button-text\" id=\"uael-post-506\">Lire la suite <\/span>\n\t\t\t\t\t<\/span>\n\t\t\t\t<\/a>\n\t\t\t\t\t\t<\/div>\n\t\t\t\n\t\t<\/div>\n\t\t\n\t<\/div>\n\n<\/div>\n\n<div class=\"uael-post-wrapper\">\n\t<div class=\"uael-post__bg-wrap uael-bg-wrap-disabled\">\n\n\t\t\t\t\n\t\t<div class=\"uael-post__inner-wrap uael-inner-wrap-disabled\">\n\n\t\t\t\t<div class=\"uael-post__thumbnail\">\n\t\t\t\n\t\t\t<a href=\"https:\/\/www.dmsteels.com\/fr\/products\/commercial-vehicle-industry\/\" target=\"_self\" title=\"Industrie des v\u00e9hicules utilitaires\"><img loading=\"lazy\" decoding=\"async\" width=\"911\" height=\"427\" src=\"https:\/\/www.dmsteels.com\/wp-content\/uploads\/2023\/07\/\u56fe\u72475.png\" class=\"attachment-full size-full wp-image-512\" alt=\"Industrie des v\u00e9hicules utilitaires\" srcset=\"https:\/\/www.dmsteels.com\/wp-content\/uploads\/2023\/07\/\u56fe\u72475.png 911w, https:\/\/www.dmsteels.com\/wp-content\/uploads\/2023\/07\/\u56fe\u72475-300x141.png 300w, https:\/\/www.dmsteels.com\/wp-content\/uploads\/2023\/07\/\u56fe\u72475-768x360.png 768w\" sizes=\"auto, (max-width: 911px) 100vw, 911px\" \/><\/a>\n\t\t\t\t\t<\/div>\n\t\t\n\t\t\t\n\t\t\t<div class=\"uael-post__content-wrap uael-content-wrap-disabled\">\n\t\t\t\t\t<h2 class=\"uael-post__title\">\n\n\t\t\n\t\t\t\t\t\t<a href=\"https:\/\/www.dmsteels.com\/fr\/products\/commercial-vehicle-industry\/\" target=\"_self\">\n\t\t\t\tIndustrie des v\u00e9hicules utilitaires\t\t\t<\/a>\n\n\t\t\t\t<\/h2>\n\t\t\n\t\t<div class=\"uael-post__excerpt\">\n\t\t\tServices de transformation de l'acier des poutres de v\u00e9hicules commerciaux de Daming et t\u00f4les \u00e0 quatre bords coup\u00e9s de haute pr\u00e9cision\t\t<\/div>\n\n\t\t\t\t\t<a class=\"uael-post__read-more elementor-button\" href=\"https:\/\/www.dmsteels.com\/fr\/products\/commercial-vehicle-industry\/\" target=\"_self\" aria-labelledby=\"uael-post-511\">\n\t\t\t\t\t<span class=\"elementor-button-content-wrapper\">\n\t\t\t\t\t\t\t\t\t\t\t\t\t\t<span class=\"elementor-button-icon elementor-align-icon-right\">\n\n\t\t\t\t\t\t\t\t\t<i aria-hidden=\"true\" class=\"far fa-hand-point-right\"><\/i>\n\t\t\t\t\t\t\t\t<\/span>\n\t\t\t\t\t\t\t\t\t\t\t\t\t\n\t\t\t\t\t\t<span class=\"elementor-button-text\" id=\"uael-post-511\">Lire la suite <\/span>\n\t\t\t\t\t<\/span>\n\t\t\t\t<\/a>\n\t\t\t\t\t\t<\/div>\n\t\t\t\n\t\t<\/div>\n\t\t\n\t<\/div>\n\n<\/div>\n\n<div class=\"uael-post-wrapper\">\n\t<div class=\"uael-post__bg-wrap uael-bg-wrap-disabled\">\n\n\t\t\t\t\n\t\t<div class=\"uael-post__inner-wrap uael-inner-wrap-disabled\">\n\n\t\t\t\t<div class=\"uael-post__thumbnail\">\n\t\t\t\n\t\t\t<a href=\"https:\/\/www.dmsteels.com\/fr\/products\/energy-storage\/\" target=\"_self\" title=\"Stockage de l&#039;\u00e9nergie\"><img loading=\"lazy\" decoding=\"async\" width=\"2560\" height=\"1709\" src=\"https:\/\/www.dmsteels.com\/wp-content\/uploads\/2023\/10\/DSC-5592-\u526f\u672c-scaled.jpg\" class=\"attachment-full size-full wp-image-1031\" alt=\"Stockage de l&#039;\u00e9nergie\" srcset=\"https:\/\/www.dmsteels.com\/wp-content\/uploads\/2023\/10\/DSC-5592-\u526f\u672c-scaled.jpg 2560w, https:\/\/www.dmsteels.com\/wp-content\/uploads\/2023\/10\/DSC-5592-\u526f\u672c-300x200.jpg 300w, https:\/\/www.dmsteels.com\/wp-content\/uploads\/2023\/10\/DSC-5592-\u526f\u672c-1024x683.jpg 1024w, https:\/\/www.dmsteels.com\/wp-content\/uploads\/2023\/10\/DSC-5592-\u526f\u672c-768x513.jpg 768w, https:\/\/www.dmsteels.com\/wp-content\/uploads\/2023\/10\/DSC-5592-\u526f\u672c-1536x1025.jpg 1536w, https:\/\/www.dmsteels.com\/wp-content\/uploads\/2023\/10\/DSC-5592-\u526f\u672c-2048x1367.jpg 2048w\" sizes=\"auto, (max-width: 2560px) 100vw, 2560px\" \/><\/a>\n\t\t\t\t\t<\/div>\n\t\t\n\t\t\t\n\t\t\t<div class=\"uael-post__content-wrap uael-content-wrap-disabled\">\n\t\t\t\t\t<h2 class=\"uael-post__title\">\n\n\t\t\n\t\t\t\t\t\t<a href=\"https:\/\/www.dmsteels.com\/fr\/products\/energy-storage\/\" target=\"_self\">\n\t\t\t\tStockage de l'\u00e9nergie\t\t\t<\/a>\n\n\t\t\t\t<\/h2>\n\t\t\n\t\t<div class=\"uael-post__excerpt\">\n\t\t\tDaming's service products in the energy storage industry cover battery boxes, power battery holders, lithium battery production line supporting silos and nickel boxes, lithium battery ...\t\t<\/div>\n\n\t\t\t\t\t<a class=\"uael-post__read-more elementor-button\" href=\"https:\/\/www.dmsteels.com\/fr\/products\/energy-storage\/\" target=\"_self\" aria-labelledby=\"uael-post-1025\">\n\t\t\t\t\t<span class=\"elementor-button-content-wrapper\">\n\t\t\t\t\t\t\t\t\t\t\t\t\t\t<span class=\"elementor-button-icon elementor-align-icon-right\">\n\n\t\t\t\t\t\t\t\t\t<i aria-hidden=\"true\" class=\"far fa-hand-point-right\"><\/i>\n\t\t\t\t\t\t\t\t<\/span>\n\t\t\t\t\t\t\t\t\t\t\t\t\t\n\t\t\t\t\t\t<span class=\"elementor-button-text\" id=\"uael-post-1025\">Lire la suite <\/span>\n\t\t\t\t\t<\/span>\n\t\t\t\t<\/a>\n\t\t\t\t\t\t<\/div>\n\t\t\t\n\t\t<\/div>\n\t\t\n\t<\/div>\n\n<\/div>\n\n<div class=\"uael-post-wrapper\">\n\t<div class=\"uael-post__bg-wrap uael-bg-wrap-disabled\">\n\n\t\t\t\t\n\t\t<div class=\"uael-post__inner-wrap uael-inner-wrap-disabled\">\n\n\t\t\t\t<div class=\"uael-post__thumbnail\">\n\t\t\t\n\t\t\t<a href=\"https:\/\/www.dmsteels.com\/fr\/products\/agricultural-machinery\/\" target=\"_self\" title=\"Machines agricoles\"><img loading=\"lazy\" decoding=\"async\" width=\"1080\" height=\"635\" src=\"https:\/\/www.dmsteels.com\/wp-content\/uploads\/2023\/10\/640-9.jpg\" class=\"attachment-full size-full wp-image-1035\" alt=\"Machines agricoles\" srcset=\"https:\/\/www.dmsteels.com\/wp-content\/uploads\/2023\/10\/640-9.jpg 1080w, https:\/\/www.dmsteels.com\/wp-content\/uploads\/2023\/10\/640-9-300x176.jpg 300w, https:\/\/www.dmsteels.com\/wp-content\/uploads\/2023\/10\/640-9-1024x602.jpg 1024w, https:\/\/www.dmsteels.com\/wp-content\/uploads\/2023\/10\/640-9-768x452.jpg 768w\" sizes=\"auto, (max-width: 1080px) 100vw, 1080px\" \/><\/a>\n\t\t\t\t\t<\/div>\n\t\t\n\t\t\t\n\t\t\t<div class=\"uael-post__content-wrap uael-content-wrap-disabled\">\n\t\t\t\t\t<h2 class=\"uael-post__title\">\n\n\t\t\n\t\t\t\t\t\t<a href=\"https:\/\/www.dmsteels.com\/fr\/products\/agricultural-machinery\/\" target=\"_self\">\n\t\t\t\tMachines agricoles\t\t\t<\/a>\n\n\t\t\t\t<\/h2>\n\t\t\n\t\t<div class=\"uael-post__excerpt\">\n\t\t\tIn the field of agricultural machinery, Daming continues to provide high-quality \"one-stop\" processing and supporting services for customers in the agricultural machinery industry by relying ...\t\t<\/div>\n\n\t\t\t\t\t<a class=\"uael-post__read-more elementor-button\" href=\"https:\/\/www.dmsteels.com\/fr\/products\/agricultural-machinery\/\" target=\"_self\" aria-labelledby=\"uael-post-1033\">\n\t\t\t\t\t<span class=\"elementor-button-content-wrapper\">\n\t\t\t\t\t\t\t\t\t\t\t\t\t\t<span class=\"elementor-button-icon elementor-align-icon-right\">\n\n\t\t\t\t\t\t\t\t\t<i aria-hidden=\"true\" class=\"far fa-hand-point-right\"><\/i>\n\t\t\t\t\t\t\t\t<\/span>\n\t\t\t\t\t\t\t\t\t\t\t\t\t\n\t\t\t\t\t\t<span class=\"elementor-button-text\" id=\"uael-post-1033\">Lire la suite <\/span>\n\t\t\t\t\t<\/span>\n\t\t\t\t<\/a>\n\t\t\t\t\t\t<\/div>\n\t\t\t\n\t\t<\/div>\n\t\t\n\t<\/div>\n\n<\/div>\n\n<div class=\"uael-post-wrapper\">\n\t<div class=\"uael-post__bg-wrap uael-bg-wrap-disabled\">\n\n\t\t\t\t\n\t\t<div class=\"uael-post__inner-wrap uael-inner-wrap-disabled\">\n\n\t\t\t\t<div class=\"uael-post__thumbnail\">\n\t\t\t\n\t\t\t<a href=\"https:\/\/www.dmsteels.com\/fr\/products\/passenger-vehicles\/\" target=\"_self\" title=\"V\u00e9hicules de tourisme\"><img loading=\"lazy\" decoding=\"async\" width=\"1080\" height=\"483\" src=\"https:\/\/www.dmsteels.com\/wp-content\/uploads\/2023\/11\/6.png\" class=\"attachment-full size-full wp-image-1139\" alt=\"V\u00e9hicules de tourisme\" srcset=\"https:\/\/www.dmsteels.com\/wp-content\/uploads\/2023\/11\/6.png 1080w, https:\/\/www.dmsteels.com\/wp-content\/uploads\/2023\/11\/6-300x134.png 300w, https:\/\/www.dmsteels.com\/wp-content\/uploads\/2023\/11\/6-1024x458.png 1024w, https:\/\/www.dmsteels.com\/wp-content\/uploads\/2023\/11\/6-768x343.png 768w\" sizes=\"auto, (max-width: 1080px) 100vw, 1080px\" \/><\/a>\n\t\t\t\t\t<\/div>\n\t\t\n\t\t\t\n\t\t\t<div class=\"uael-post__content-wrap uael-content-wrap-disabled\">\n\t\t\t\t\t<h2 class=\"uael-post__title\">\n\n\t\t\n\t\t\t\t\t\t<a href=\"https:\/\/www.dmsteels.com\/fr\/products\/passenger-vehicles\/\" target=\"_self\">\n\t\t\t\tV\u00e9hicules de tourisme\t\t\t<\/a>\n\n\t\t\t\t<\/h2>\n\t\t\n\t\t<div class=\"uael-post__excerpt\">\n\t\t\tAt present, relying on the whole-process service model of \"quality material supply (joint steel mills) + customized processing (combined with process requirements) + JIT logistics\", ...\t\t<\/div>\n\n\t\t\t\t\t<a class=\"uael-post__read-more elementor-button\" href=\"https:\/\/www.dmsteels.com\/fr\/products\/passenger-vehicles\/\" target=\"_self\" aria-labelledby=\"uael-post-1136\">\n\t\t\t\t\t<span class=\"elementor-button-content-wrapper\">\n\t\t\t\t\t\t\t\t\t\t\t\t\t\t<span class=\"elementor-button-icon elementor-align-icon-right\">\n\n\t\t\t\t\t\t\t\t\t<i aria-hidden=\"true\" class=\"far fa-hand-point-right\"><\/i>\n\t\t\t\t\t\t\t\t<\/span>\n\t\t\t\t\t\t\t\t\t\t\t\t\t\n\t\t\t\t\t\t<span class=\"elementor-button-text\" id=\"uael-post-1136\">Lire la suite <\/span>\n\t\t\t\t\t<\/span>\n\t\t\t\t<\/a>\n\t\t\t\t\t\t<\/div>\n\t\t\t\n\t\t<\/div>\n\t\t\n\t<\/div>\n\n<\/div>\n\t\t\t\t<\/div>\n\t\t\t\t\t\t\n\t\t<\/div>\n\n\t\t\t\t\t\t<\/div>\n\t\t<div class=\"uael-post__footer\">\n\t\t\t\t\t<\/div>\n\t\t\t\t\t\t<\/div>\n\t\t\t\t<\/div>\n\t\t\t\t\t<\/div>\n\t\t<\/div>\n\t\t\t\t\t<\/div>\n\t\t<\/section>\n\t\t\t\t<\/div>","protected":false},"excerpt":{"rendered":"<p>Daming&#8217;s services cover more than 30 industries, including automobiles, home appliances, elevators, construction machinery, mining and cement equipment, petrochemicals, new energy, energy equipment, ships, etc. China Steel Processing Supply Center &#8211; Daming Product Passenger Vehicles At present, relying on the whole-process service model of &#8220;quality material supply (joint steel mills) + customized processing (combined with [&hellip;]<\/p>","protected":false},"author":1,"featured_media":0,"parent":0,"menu_order":0,"comment_status":"closed","ping_status":"closed","template":"","meta":{"_acf_changed":false,"footnotes":""},"class_list":["post-893","page","type-page","status-publish","hentry"],"acf":[],"_links":{"self":[{"href":"https:\/\/www.dmsteels.com\/fr\/wp-json\/wp\/v2\/pages\/893","targetHints":{"allow":["GET"]}}],"collection":[{"href":"https:\/\/www.dmsteels.com\/fr\/wp-json\/wp\/v2\/pages"}],"about":[{"href":"https:\/\/www.dmsteels.com\/fr\/wp-json\/wp\/v2\/types\/page"}],"author":[{"embeddable":true,"href":"https:\/\/www.dmsteels.com\/fr\/wp-json\/wp\/v2\/users\/1"}],"replies":[{"embeddable":true,"href":"https:\/\/www.dmsteels.com\/fr\/wp-json\/wp\/v2\/comments?post=893"}],"version-history":[{"count":0,"href":"https:\/\/www.dmsteels.com\/fr\/wp-json\/wp\/v2\/pages\/893\/revisions"}],"wp:attachment":[{"href":"https:\/\/www.dmsteels.com\/fr\/wp-json\/wp\/v2\/media?parent=893"}],"curies":[{"name":"wp","href":"https:\/\/api.w.org\/{rel}","templated":true}]}}