{"id":291,"date":"2023-07-14T16:55:02","date_gmt":"2023-07-14T08:55:02","guid":{"rendered":"https:\/\/www.dmsteels.com\/?page_id=291"},"modified":"2024-11-22T14:49:00","modified_gmt":"2024-11-22T06:49:00","slug":"material-services","status":"publish","type":"page","link":"https:\/\/www.dmsteels.com\/et\/material-services\/","title":{"rendered":"Materiaalsed teenused"},"content":{"rendered":"<div data-elementor-type=\"wp-page\" data-elementor-id=\"291\" class=\"elementor elementor-291\" data-elementor-settings=\"{&quot;element_pack_global_tooltip_width&quot;:{&quot;unit&quot;:&quot;px&quot;,&quot;size&quot;:&quot;&quot;,&quot;sizes&quot;:[]},&quot;element_pack_global_tooltip_width_tablet&quot;:{&quot;unit&quot;:&quot;px&quot;,&quot;size&quot;:&quot;&quot;,&quot;sizes&quot;:[]},&quot;element_pack_global_tooltip_width_mobile&quot;:{&quot;unit&quot;:&quot;px&quot;,&quot;size&quot;:&quot;&quot;,&quot;sizes&quot;:[]},&quot;element_pack_global_tooltip_padding&quot;:{&quot;unit&quot;:&quot;px&quot;,&quot;top&quot;:&quot;&quot;,&quot;right&quot;:&quot;&quot;,&quot;bottom&quot;:&quot;&quot;,&quot;left&quot;:&quot;&quot;,&quot;isLinked&quot;:true},&quot;element_pack_global_tooltip_padding_tablet&quot;:{&quot;unit&quot;:&quot;px&quot;,&quot;top&quot;:&quot;&quot;,&quot;right&quot;:&quot;&quot;,&quot;bottom&quot;:&quot;&quot;,&quot;left&quot;:&quot;&quot;,&quot;isLinked&quot;:true},&quot;element_pack_global_tooltip_padding_mobile&quot;:{&quot;unit&quot;:&quot;px&quot;,&quot;top&quot;:&quot;&quot;,&quot;right&quot;:&quot;&quot;,&quot;bottom&quot;:&quot;&quot;,&quot;left&quot;:&quot;&quot;,&quot;isLinked&quot;:true},&quot;element_pack_global_tooltip_border_radius&quot;:{&quot;unit&quot;:&quot;px&quot;,&quot;top&quot;:&quot;&quot;,&quot;right&quot;:&quot;&quot;,&quot;bottom&quot;:&quot;&quot;,&quot;left&quot;:&quot;&quot;,&quot;isLinked&quot;:true},&quot;element_pack_global_tooltip_border_radius_tablet&quot;:{&quot;unit&quot;:&quot;px&quot;,&quot;top&quot;:&quot;&quot;,&quot;right&quot;:&quot;&quot;,&quot;bottom&quot;:&quot;&quot;,&quot;left&quot;:&quot;&quot;,&quot;isLinked&quot;:true},&quot;element_pack_global_tooltip_border_radius_mobile&quot;:{&quot;unit&quot;:&quot;px&quot;,&quot;top&quot;:&quot;&quot;,&quot;right&quot;:&quot;&quot;,&quot;bottom&quot;:&quot;&quot;,&quot;left&quot;:&quot;&quot;,&quot;isLinked&quot;:true}}\" data-elementor-post-type=\"page\">\n\t\t\t\t\t\t<section class=\"elementor-section elementor-top-section elementor-element elementor-element-4a96a1c elementor-section-height-min-height elementor-section-boxed elementor-section-height-default elementor-section-items-middle\" data-id=\"4a96a1c\" data-element_type=\"section\" data-settings=\"{&quot;background_background&quot;:&quot;classic&quot;}\">\n\t\t\t\t\t\t<div class=\"elementor-container elementor-column-gap-default\">\n\t\t\t\t\t<div class=\"elementor-column elementor-col-100 elementor-top-column elementor-element elementor-element-0f9356e\" data-id=\"0f9356e\" data-element_type=\"column\">\n\t\t\t<div class=\"elementor-widget-wrap elementor-element-populated\">\n\t\t\t\t\t\t<div class=\"elementor-element elementor-element-f9be787 elementor-widget elementor-widget-text-editor\" data-id=\"f9be787\" data-element_type=\"widget\" data-widget_type=\"text-editor.default\">\n\t\t\t\t<div class=\"elementor-widget-container\">\n\t\t\t\t\t\t\t\t\t<p>Daming on otsustanud saada riiklikuks terase t\u00f6\u00f6tlemise ja tarnimise keskuseks t\u00f6\u00f6tleva t\u00f6\u00f6stuse jaoks ning roostevabast terasest ja s\u00fcsinikterasest kohapealseks supermarketi ketiks. Tal on palju tuntud tarnijaid ja tema varudeks on 160 000 tonni roostevaba terast, 300 000 tonni s\u00fcsinikterast ja 20 000 tonni erimaterjale.<\/p>\t\t\t\t\t\t\t\t<\/div>\n\t\t\t\t<\/div>\n\t\t\t\t<div class=\"elementor-element elementor-element-8a7a94c elementor-widget elementor-widget-global elementor-global-370 elementor-widget-bdt-breadcrumbs\" data-id=\"8a7a94c\" data-element_type=\"widget\" data-widget_type=\"bdt-breadcrumbs.default\">\n\t\t\t\t<div class=\"elementor-widget-container\">\n\t\t\t\t\t<div class='bdt-ep-breadcrumbs-wrapper'><ul class=\"bdt-ep-breadcrumb breadcrumb-align-left\"><li><a href=\"https:\/\/www.dmsteels.com\/et\/\">Hiina terase t\u00f6\u00f6tlemise tarnekeskus - Daming<\/a><\/li>\n<li><span> Strona<\/span><\/li>\n<\/ul><\/div>\t\t\t\t<\/div>\n\t\t\t\t<\/div>\n\t\t\t\t\t<\/div>\n\t\t<\/div>\n\t\t\t\t\t<\/div>\n\t\t<\/section>\n\t\t\t\t<section class=\"elementor-section elementor-top-section elementor-element elementor-element-4f8be3d elementor-section-boxed elementor-section-height-default elementor-section-height-default\" data-id=\"4f8be3d\" data-element_type=\"section\">\n\t\t\t\t\t\t<div class=\"elementor-container elementor-column-gap-default\">\n\t\t\t\t\t<div class=\"elementor-column elementor-col-100 elementor-top-column elementor-element elementor-element-189031e\" data-id=\"189031e\" data-element_type=\"column\">\n\t\t\t<div class=\"elementor-widget-wrap elementor-element-populated\">\n\t\t\t\t\t\t<div class=\"elementor-element elementor-element-38cb9ba elementor-widget elementor-widget-uael-posts\" data-id=\"38cb9ba\" data-element_type=\"widget\" data-settings=\"{&quot;classic_slides_to_show&quot;:2,&quot;classic_slides_to_show_tablet&quot;:2,&quot;classic_slides_to_show_mobile&quot;:1,&quot;classic_show_filters&quot;:&quot;no&quot;}\" data-widget_type=\"uael-posts.classic\">\n\t\t\t\t<div class=\"elementor-widget-container\">\n\t\t\t\t\t\t\t<div class=\"uael-post__header\">\n\t\t\t\t\t<\/div>\n\t\t<div class=\"uael-post__body\">\n\t\t\t\n\t\t\n\t\t<div class=\"uael-blog-terms-position- uael-post-image-top uael-post-grid uael-posts\" data-query-type=\"custom\" data-structure=\"normal\" data-layout=\"\" data-page=\"291\" data-skin=\"classic\" data-filter-default=\"\" data-offset-top=\"30\" >\n\n\t\t\t\t\t\t\t<div class=\"uael-post-grid__inner uael-post__columns-2 uael-post__columns-tablet-2 uael-post__columns-mobile-1\">\n\t\t\t\n<div class=\"uael-post-wrapper\">\n\t<div class=\"uael-post__bg-wrap uael-bg-wrap-disabled\">\n\n\t\t\t\t\n\t\t<div class=\"uael-post__inner-wrap uael-inner-wrap-disabled\">\n\n\t\t\t\t<div class=\"uael-post__thumbnail\">\n\t\t\t\n\t\t\t<a href=\"https:\/\/www.dmsteels.com\/et\/products\/stainless-steel\/\" target=\"_self\" title=\"Roostevaba teras\"><img loading=\"lazy\" decoding=\"async\" width=\"2560\" height=\"1707\" src=\"https:\/\/www.dmsteels.com\/wp-content\/uploads\/2023\/07\/DSC_1623-scaled.jpg\" class=\"attachment-full size-full wp-image-452\" alt=\"Roostevaba teras\" srcset=\"https:\/\/www.dmsteels.com\/wp-content\/uploads\/2023\/07\/DSC_1623-scaled.jpg 2560w, https:\/\/www.dmsteels.com\/wp-content\/uploads\/2023\/07\/DSC_1623-300x200.jpg 300w, https:\/\/www.dmsteels.com\/wp-content\/uploads\/2023\/07\/DSC_1623-1024x683.jpg 1024w, https:\/\/www.dmsteels.com\/wp-content\/uploads\/2023\/07\/DSC_1623-768x512.jpg 768w, https:\/\/www.dmsteels.com\/wp-content\/uploads\/2023\/07\/DSC_1623-1536x1024.jpg 1536w, https:\/\/www.dmsteels.com\/wp-content\/uploads\/2023\/07\/DSC_1623-2048x1366.jpg 2048w\" sizes=\"auto, (max-width: 2560px) 100vw, 2560px\" \/><\/a>\n\t\t\t\t\t<\/div>\n\t\t\n\t\t\t\n\t\t\t<div class=\"uael-post__content-wrap uael-content-wrap-disabled\">\n\t\t\t\t\t<h3 class=\"uael-post__title\">\n\n\t\t\n\t\t\t\t\t\t<a href=\"https:\/\/www.dmsteels.com\/et\/products\/stainless-steel\/\" target=\"_self\">\n\t\t\t\tRoostevaba teras\t\t\t<\/a>\n\n\t\t\t\t<\/h3>\n\t\t\n\t\t<div class=\"uael-post__excerpt\">\n\t\t\t<strong>seisev varu 160 000 tonni v\u00f5i rohkem<\/strong>\t\t<\/div>\n\n\t\t\t\t\t<a class=\"uael-post__read-more elementor-button\" href=\"https:\/\/www.dmsteels.com\/et\/products\/stainless-steel\/\" target=\"_self\" aria-labelledby=\"uael-post-176\">\n\t\t\t\t\t<span class=\"elementor-button-content-wrapper\">\n\t\t\t\t\t\t\t\t\t\t\t\t\t\t<span class=\"elementor-button-icon elementor-align-icon-right\">\n\n\t\t\t\t\t\t\t\t\t<i aria-hidden=\"true\" class=\"far fa-hand-point-right\"><\/i>\n\t\t\t\t\t\t\t\t<\/span>\n\t\t\t\t\t\t\t\t\t\t\t\t\t\n\t\t\t\t\t\t<span class=\"elementor-button-text\" id=\"uael-post-176\">Loe edasi <\/span>\n\t\t\t\t\t<\/span>\n\t\t\t\t<\/a>\n\t\t\t\t\t\t<\/div>\n\t\t\t\n\t\t<\/div>\n\t\t\n\t<\/div>\n\n<\/div>\n\n<div class=\"uael-post-wrapper\">\n\t<div class=\"uael-post__bg-wrap uael-bg-wrap-disabled\">\n\n\t\t\t\t\n\t\t<div class=\"uael-post__inner-wrap uael-inner-wrap-disabled\">\n\n\t\t\t\t<div class=\"uael-post__thumbnail\">\n\t\t\t\n\t\t\t<a href=\"https:\/\/www.dmsteels.com\/et\/products\/carbon-steel\/\" target=\"_self\" title=\"S\u00fcsinikteras\"><img loading=\"lazy\" decoding=\"async\" width=\"2560\" height=\"1440\" src=\"https:\/\/www.dmsteels.com\/wp-content\/uploads\/2023\/07\/\u78b3\u94a2\u677f\u6750-\u9756\u6c5f\u5927\u660e03-scaled.jpg\" class=\"attachment-full size-full wp-image-443\" alt=\"S\u00fcsinikteras\" srcset=\"https:\/\/www.dmsteels.com\/wp-content\/uploads\/2023\/07\/\u78b3\u94a2\u677f\u6750-\u9756\u6c5f\u5927\u660e03-scaled.jpg 2560w, https:\/\/www.dmsteels.com\/wp-content\/uploads\/2023\/07\/\u78b3\u94a2\u677f\u6750-\u9756\u6c5f\u5927\u660e03-300x169.jpg 300w, https:\/\/www.dmsteels.com\/wp-content\/uploads\/2023\/07\/\u78b3\u94a2\u677f\u6750-\u9756\u6c5f\u5927\u660e03-1024x576.jpg 1024w, https:\/\/www.dmsteels.com\/wp-content\/uploads\/2023\/07\/\u78b3\u94a2\u677f\u6750-\u9756\u6c5f\u5927\u660e03-768x432.jpg 768w, https:\/\/www.dmsteels.com\/wp-content\/uploads\/2023\/07\/\u78b3\u94a2\u677f\u6750-\u9756\u6c5f\u5927\u660e03-1536x864.jpg 1536w, https:\/\/www.dmsteels.com\/wp-content\/uploads\/2023\/07\/\u78b3\u94a2\u677f\u6750-\u9756\u6c5f\u5927\u660e03-2048x1152.jpg 2048w\" sizes=\"auto, (max-width: 2560px) 100vw, 2560px\" \/><\/a>\n\t\t\t\t\t<\/div>\n\t\t\n\t\t\t\n\t\t\t<div class=\"uael-post__content-wrap uael-content-wrap-disabled\">\n\t\t\t\t\t<h3 class=\"uael-post__title\">\n\n\t\t\n\t\t\t\t\t\t<a href=\"https:\/\/www.dmsteels.com\/et\/products\/carbon-steel\/\" target=\"_self\">\n\t\t\t\tS\u00fcsinikteras\t\t\t<\/a>\n\n\t\t\t\t<\/h3>\n\t\t\n\t\t<div class=\"uael-post__excerpt\">\n\t\t\t<strong>seisev varu 200000 tonni v\u00f5i rohkem<\/strong>\t\t<\/div>\n\n\t\t\t\t\t<a class=\"uael-post__read-more elementor-button\" href=\"https:\/\/www.dmsteels.com\/et\/products\/carbon-steel\/\" target=\"_self\" aria-labelledby=\"uael-post-230\">\n\t\t\t\t\t<span class=\"elementor-button-content-wrapper\">\n\t\t\t\t\t\t\t\t\t\t\t\t\t\t<span class=\"elementor-button-icon elementor-align-icon-right\">\n\n\t\t\t\t\t\t\t\t\t<i aria-hidden=\"true\" class=\"far fa-hand-point-right\"><\/i>\n\t\t\t\t\t\t\t\t<\/span>\n\t\t\t\t\t\t\t\t\t\t\t\t\t\n\t\t\t\t\t\t<span class=\"elementor-button-text\" id=\"uael-post-230\">Loe edasi <\/span>\n\t\t\t\t\t<\/span>\n\t\t\t\t<\/a>\n\t\t\t\t\t\t<\/div>\n\t\t\t\n\t\t<\/div>\n\t\t\n\t<\/div>\n\n<\/div>\n\t\t\t\t<\/div>\n\t\t\t\t\t\t\n\t\t<\/div>\n\n\t\t\t\t\t\t<\/div>\n\t\t<div class=\"uael-post__footer\">\n\t\t\t\t\t<\/div>\n\t\t\t\t\t\t<\/div>\n\t\t\t\t<\/div>\n\t\t\t\t\t<\/div>\n\t\t<\/div>\n\t\t\t\t\t<\/div>\n\t\t<\/section>\n\t\t\t\t<\/div>","protected":false},"excerpt":{"rendered":"<p>Daming is determined to become a national steel processing and supply center for the manufacturing industry and a stainless steel and carbon steel spot supermarket chain. It has many well-known suppliers and has a standing stock of 160,000 tons of stainless steel, 300,000 tons of carbon steel, and 20,000 tons of special materials. China Steel [&hellip;]<\/p>","protected":false},"author":1,"featured_media":0,"parent":0,"menu_order":0,"comment_status":"closed","ping_status":"closed","template":"","meta":{"_acf_changed":false,"footnotes":""},"class_list":["post-291","page","type-page","status-publish","hentry"],"acf":[],"_links":{"self":[{"href":"https:\/\/www.dmsteels.com\/et\/wp-json\/wp\/v2\/pages\/291","targetHints":{"allow":["GET"]}}],"collection":[{"href":"https:\/\/www.dmsteels.com\/et\/wp-json\/wp\/v2\/pages"}],"about":[{"href":"https:\/\/www.dmsteels.com\/et\/wp-json\/wp\/v2\/types\/page"}],"author":[{"embeddable":true,"href":"https:\/\/www.dmsteels.com\/et\/wp-json\/wp\/v2\/users\/1"}],"replies":[{"embeddable":true,"href":"https:\/\/www.dmsteels.com\/et\/wp-json\/wp\/v2\/comments?post=291"}],"version-history":[{"count":0,"href":"https:\/\/www.dmsteels.com\/et\/wp-json\/wp\/v2\/pages\/291\/revisions"}],"wp:attachment":[{"href":"https:\/\/www.dmsteels.com\/et\/wp-json\/wp\/v2\/media?parent=291"}],"curies":[{"name":"wp","href":"https:\/\/api.w.org\/{rel}","templated":true}]}}