{"id":1339,"date":"2024-02-27T14:03:01","date_gmt":"2024-02-27T06:03:01","guid":{"rendered":"https:\/\/www.dmsteels.com\/?page_id=1339"},"modified":"2024-11-22T14:51:24","modified_gmt":"2024-11-22T06:51:24","slug":"daming-import-export-business","status":"publish","type":"page","link":"https:\/\/www.dmsteels.com\/cs\/daming-import-export-business\/","title":{"rendered":"Daming Import &amp; Export Business"},"content":{"rendered":"<div data-elementor-type=\"wp-page\" data-elementor-id=\"1339\" class=\"elementor elementor-1339\" data-elementor-settings=\"{&quot;element_pack_global_tooltip_width&quot;:{&quot;unit&quot;:&quot;px&quot;,&quot;size&quot;:&quot;&quot;,&quot;sizes&quot;:[]},&quot;element_pack_global_tooltip_width_tablet&quot;:{&quot;unit&quot;:&quot;px&quot;,&quot;size&quot;:&quot;&quot;,&quot;sizes&quot;:[]},&quot;element_pack_global_tooltip_width_mobile&quot;:{&quot;unit&quot;:&quot;px&quot;,&quot;size&quot;:&quot;&quot;,&quot;sizes&quot;:[]},&quot;element_pack_global_tooltip_padding&quot;:{&quot;unit&quot;:&quot;px&quot;,&quot;top&quot;:&quot;&quot;,&quot;right&quot;:&quot;&quot;,&quot;bottom&quot;:&quot;&quot;,&quot;left&quot;:&quot;&quot;,&quot;isLinked&quot;:true},&quot;element_pack_global_tooltip_padding_tablet&quot;:{&quot;unit&quot;:&quot;px&quot;,&quot;top&quot;:&quot;&quot;,&quot;right&quot;:&quot;&quot;,&quot;bottom&quot;:&quot;&quot;,&quot;left&quot;:&quot;&quot;,&quot;isLinked&quot;:true},&quot;element_pack_global_tooltip_padding_mobile&quot;:{&quot;unit&quot;:&quot;px&quot;,&quot;top&quot;:&quot;&quot;,&quot;right&quot;:&quot;&quot;,&quot;bottom&quot;:&quot;&quot;,&quot;left&quot;:&quot;&quot;,&quot;isLinked&quot;:true},&quot;element_pack_global_tooltip_border_radius&quot;:{&quot;unit&quot;:&quot;px&quot;,&quot;top&quot;:&quot;&quot;,&quot;right&quot;:&quot;&quot;,&quot;bottom&quot;:&quot;&quot;,&quot;left&quot;:&quot;&quot;,&quot;isLinked&quot;:true},&quot;element_pack_global_tooltip_border_radius_tablet&quot;:{&quot;unit&quot;:&quot;px&quot;,&quot;top&quot;:&quot;&quot;,&quot;right&quot;:&quot;&quot;,&quot;bottom&quot;:&quot;&quot;,&quot;left&quot;:&quot;&quot;,&quot;isLinked&quot;:true},&quot;element_pack_global_tooltip_border_radius_mobile&quot;:{&quot;unit&quot;:&quot;px&quot;,&quot;top&quot;:&quot;&quot;,&quot;right&quot;:&quot;&quot;,&quot;bottom&quot;:&quot;&quot;,&quot;left&quot;:&quot;&quot;,&quot;isLinked&quot;:true}}\" data-elementor-post-type=\"page\">\n\t\t\t\t\t\t<section class=\"elementor-section elementor-top-section elementor-element elementor-element-1643d8b elementor-section-height-min-height elementor-section-boxed elementor-section-height-default elementor-section-items-middle\" data-id=\"1643d8b\" data-element_type=\"section\" data-settings=\"{&quot;background_background&quot;:&quot;classic&quot;}\">\n\t\t\t\t\t\t<div class=\"elementor-container elementor-column-gap-default\">\n\t\t\t\t\t<div class=\"elementor-column elementor-col-100 elementor-top-column elementor-element elementor-element-069a0d7\" data-id=\"069a0d7\" data-element_type=\"column\">\n\t\t\t<div class=\"elementor-widget-wrap elementor-element-populated\">\n\t\t\t\t\t\t<div class=\"elementor-element elementor-element-b11cb26 elementor-widget elementor-widget-text-editor\" data-id=\"b11cb26\" data-element_type=\"widget\" data-widget_type=\"text-editor.default\">\n\t\t\t\t<div class=\"elementor-widget-container\">\n\t\t\t\t\t\t\t\t\t<p>Slu\u017eby spole\u010dnosti Daming pokr\u00fdvaj\u00ed v\u00edce ne\u017e 30 pr\u016fmyslov\u00fdch odv\u011btv\u00ed, v\u010detn\u011b automobil\u016f, dom\u00e1c\u00edch spot\u0159ebi\u010d\u016f, v\u00fdtah\u016f, stavebn\u00edch stroj\u016f, d\u016fln\u00edch a cement\u00e1\u0159sk\u00fdch za\u0159\u00edzen\u00ed, petrochemie, nov\u00e9 energetiky, energetick\u00fdch za\u0159\u00edzen\u00ed, lod\u00ed atd.<\/p>\t\t\t\t\t\t\t\t<\/div>\n\t\t\t\t<\/div>\n\t\t\t\t<div class=\"elementor-element elementor-element-7bce8a9 elementor-widget elementor-widget-global elementor-global-370 elementor-widget-bdt-breadcrumbs\" data-id=\"7bce8a9\" data-element_type=\"widget\" data-widget_type=\"bdt-breadcrumbs.default\">\n\t\t\t\t<div class=\"elementor-widget-container\">\n\t\t\t\t\t<div class='bdt-ep-breadcrumbs-wrapper'><ul class=\"bdt-ep-breadcrumb breadcrumb-align-left\"><li><a href=\"https:\/\/www.dmsteels.com\/cs\/\">Dodavatelsk\u00e9 centrum pro zpracov\u00e1n\u00ed oceli v \u010c\u00edn\u011b - Daming<\/a><\/li>\n<li><span> Oldal<\/span><\/li>\n<\/ul><\/div>\t\t\t\t<\/div>\n\t\t\t\t<\/div>\n\t\t\t\t\t<\/div>\n\t\t<\/div>\n\t\t\t\t\t<\/div>\n\t\t<\/section>\n\t\t\t\t<section class=\"elementor-section elementor-top-section elementor-element elementor-element-655c207 elementor-section-boxed elementor-section-height-default elementor-section-height-default\" data-id=\"655c207\" data-element_type=\"section\">\n\t\t\t\t\t\t<div class=\"elementor-container elementor-column-gap-default\">\n\t\t\t\t\t<div class=\"elementor-column elementor-col-100 elementor-top-column elementor-element elementor-element-2e0b75b\" data-id=\"2e0b75b\" data-element_type=\"column\">\n\t\t\t<div class=\"elementor-widget-wrap elementor-element-populated\">\n\t\t\t\t\t\t<div class=\"elementor-element elementor-element-13a2c85 elementor-nav-menu__align-justify elementor-nav-menu--dropdown-mobile elementor-nav-menu--stretch business-nav elementor-nav-menu__text-align-aside elementor-nav-menu--toggle elementor-nav-menu--burger elementor-widget elementor-widget-nav-menu\" data-id=\"13a2c85\" data-element_type=\"widget\" data-settings=\"{&quot;full_width&quot;:&quot;stretch&quot;,&quot;layout&quot;:&quot;horizontal&quot;,&quot;submenu_icon&quot;:{&quot;value&quot;:&quot;&lt;i class=\\&quot;fas fa-caret-down\\&quot;&gt;&lt;\\\/i&gt;&quot;,&quot;library&quot;:&quot;fa-solid&quot;},&quot;toggle&quot;:&quot;burger&quot;}\" data-widget_type=\"nav-menu.default\">\n\t\t\t\t<div class=\"elementor-widget-container\">\n\t\t\t\t\t\t\t\t<nav aria-label=\"Menu\" class=\"elementor-nav-menu--main elementor-nav-menu__container elementor-nav-menu--layout-horizontal e--pointer-background e--animation-fade\">\n\t\t\t\t<ul id=\"menu-1-13a2c85\" class=\"elementor-nav-menu\"><li class=\"menu-item menu-item-type-post_type menu-item-object-page menu-item-894\"><a href=\"https:\/\/www.dmsteels.com\/cs\/stainless-steel-business\/\" class=\"elementor-item\">Obchod s nerezovou ocel\u00ed<\/a><\/li>\n<li class=\"menu-item menu-item-type-post_type menu-item-object-page menu-item-896\"><a href=\"https:\/\/www.dmsteels.com\/cs\/carbon-steel-business\/\" class=\"elementor-item\">Obchod s uhl\u00edkovou ocel\u00ed<\/a><\/li>\n<li class=\"menu-item menu-item-type-post_type menu-item-object-page menu-item-895\"><a href=\"https:\/\/www.dmsteels.com\/cs\/manufacturing-business\/\" class=\"elementor-item\">V\u00fdrobn\u00ed podniky<\/a><\/li>\n<li class=\"menu-item menu-item-type-post_type menu-item-object-page menu-item-897\"><a href=\"https:\/\/www.dmsteels.com\/cs\/prefabrication-business\/\" class=\"elementor-item\">Prefabrikace<\/a><\/li>\n<li class=\"menu-item menu-item-type-post_type menu-item-object-page menu-item-1340\"><a href=\"https:\/\/www.dmsteels.com\/cs\/daming-import-export-business\/\" class=\"elementor-item\">Daming Import &amp; Export Business<\/a><\/li>\n<\/ul>\t\t\t<\/nav>\n\t\t\t\t\t<div class=\"elementor-menu-toggle\" role=\"button\" tabindex=\"0\" aria-label=\"Menu Toggle\" aria-expanded=\"false\">\n\t\t\t<i aria-hidden=\"true\" role=\"presentation\" class=\"elementor-menu-toggle__icon--open eicon-menu-bar\"><\/i><i aria-hidden=\"true\" role=\"presentation\" class=\"elementor-menu-toggle__icon--close eicon-close\"><\/i>\t\t<\/div>\n\t\t\t\t\t<nav class=\"elementor-nav-menu--dropdown elementor-nav-menu__container\" aria-hidden=\"true\">\n\t\t\t\t<ul id=\"menu-2-13a2c85\" class=\"elementor-nav-menu\"><li class=\"menu-item menu-item-type-post_type menu-item-object-page menu-item-894\"><a href=\"https:\/\/www.dmsteels.com\/cs\/stainless-steel-business\/\" class=\"elementor-item\" tabindex=\"-1\">Obchod s nerezovou ocel\u00ed<\/a><\/li>\n<li class=\"menu-item menu-item-type-post_type menu-item-object-page menu-item-896\"><a href=\"https:\/\/www.dmsteels.com\/cs\/carbon-steel-business\/\" class=\"elementor-item\" tabindex=\"-1\">Obchod s uhl\u00edkovou ocel\u00ed<\/a><\/li>\n<li class=\"menu-item menu-item-type-post_type menu-item-object-page menu-item-895\"><a href=\"https:\/\/www.dmsteels.com\/cs\/manufacturing-business\/\" class=\"elementor-item\" tabindex=\"-1\">V\u00fdrobn\u00ed podniky<\/a><\/li>\n<li class=\"menu-item menu-item-type-post_type menu-item-object-page menu-item-897\"><a href=\"https:\/\/www.dmsteels.com\/cs\/prefabrication-business\/\" class=\"elementor-item\" tabindex=\"-1\">Prefabrikace<\/a><\/li>\n<li class=\"menu-item menu-item-type-post_type menu-item-object-page menu-item-1340\"><a href=\"https:\/\/www.dmsteels.com\/cs\/daming-import-export-business\/\" class=\"elementor-item\" tabindex=\"-1\">Daming Import &amp; Export Business<\/a><\/li>\n<\/ul>\t\t\t<\/nav>\n\t\t\t\t\t\t<\/div>\n\t\t\t\t<\/div>\n\t\t\t\t<div class=\"elementor-element elementor-element-58ec95f uael-equal__height-yes uael-posts-thumbnail-ratio business-over elementor-widget elementor-widget-uael-posts\" data-id=\"58ec95f\" data-element_type=\"widget\" data-settings=\"{&quot;classic_pagination_type&quot;:&quot;normal&quot;,&quot;classic_slides_to_show&quot;:3,&quot;classic_slides_to_show_tablet&quot;:2,&quot;classic_slides_to_show_mobile&quot;:1}\" data-widget_type=\"uael-posts.classic\">\n\t\t\t\t<div class=\"elementor-widget-container\">\n\t\t\t\t\t\t\t<div class=\"uael-post__header\">\n\t\t\t\t\t<\/div>\n\t\t<div class=\"uael-post__body\">\n\t\t\t\n\t\t\n\t\t<div class=\"uael-blog-terms-position- uael-post-image-top uael-post-grid uael-posts\" data-query-type=\"custom\" data-structure=\"normal\" data-layout=\"\" data-page=\"1339\" data-skin=\"classic\" data-filter-default=\"\" data-offset-top=\"30\" >\n\n\t\t\t\t\t\t\t<div class=\"uael-post-grid__inner uael-post__columns-3 uael-post__columns-tablet-2 uael-post__columns-mobile-1\">\n\t\t\t\n<div class=\"uael-post-wrapper\">\n\t<div class=\"uael-post__bg-wrap uael-bg-wrap-disabled\">\n\n\t\t\t\t\n\t\t<div class=\"uael-post__inner-wrap uael-inner-wrap-disabled\">\n\n\t\t\t\t<div class=\"uael-post__thumbnail\">\n\t\t\t\n\t\t\t<a href=\"https:\/\/www.dmsteels.com\/cs\/products\/daming-import-export-business\/\" target=\"_self\" title=\"Daming Import &amp; Export Business\"><img loading=\"lazy\" decoding=\"async\" width=\"1302\" height=\"779\" src=\"https:\/\/www.dmsteels.com\/wp-content\/uploads\/2023\/07\/\u7801\u5934.png\" class=\"attachment-full size-full wp-image-564\" alt=\"Daming Import &amp; Export Business\" srcset=\"https:\/\/www.dmsteels.com\/wp-content\/uploads\/2023\/07\/\u7801\u5934.png 1302w, https:\/\/www.dmsteels.com\/wp-content\/uploads\/2023\/07\/\u7801\u5934-300x179.png 300w, https:\/\/www.dmsteels.com\/wp-content\/uploads\/2023\/07\/\u7801\u5934-1024x613.png 1024w, https:\/\/www.dmsteels.com\/wp-content\/uploads\/2023\/07\/\u7801\u5934-768x460.png 768w\" sizes=\"auto, (max-width: 1302px) 100vw, 1302px\" \/><\/a>\n\t\t\t\t\t<\/div>\n\t\t\n\t\t\t\n\t\t\t<div class=\"uael-post__content-wrap uael-content-wrap-disabled\">\n\t\t\t\t\t<h2 class=\"uael-post__title\">\n\n\t\t\n\t\t\t\t\t\t<a href=\"https:\/\/www.dmsteels.com\/cs\/products\/daming-import-export-business\/\" target=\"_self\">\n\t\t\t\tDaming Import &amp; Export Business\t\t\t<\/a>\n\n\t\t\t\t<\/h2>\n\t\t\n\t\t<div class=\"uael-post__excerpt\">\n\t\t\tBased on the export base in Wuxi, Daming Import &amp; Export Company will link up Daming's ten processing centers and manufacturing bases along the Yangtze ...\t\t<\/div>\n\n\t\t\t\t\t<a class=\"uael-post__read-more elementor-button\" href=\"https:\/\/www.dmsteels.com\/cs\/products\/daming-import-export-business\/\" target=\"_self\" aria-labelledby=\"uael-post-563\">\n\t\t\t\t\t<span class=\"elementor-button-content-wrapper\">\n\t\t\t\t\t\t\t\t\t\t\t\t\t\t<span class=\"elementor-button-icon elementor-align-icon-right\">\n\n\t\t\t\t\t\t\t\t\t<i aria-hidden=\"true\" class=\"far fa-hand-point-right\"><\/i>\n\t\t\t\t\t\t\t\t<\/span>\n\t\t\t\t\t\t\t\t\t\t\t\t\t\n\t\t\t\t\t\t<span class=\"elementor-button-text\" id=\"uael-post-563\">P\u0159e\u010dt\u011bte si v\u00edce <\/span>\n\t\t\t\t\t<\/span>\n\t\t\t\t<\/a>\n\t\t\t\t\t\t<\/div>\n\t\t\t\n\t\t<\/div>\n\t\t\n\t<\/div>\n\n<\/div>\n\n<div class=\"uael-post-wrapper\">\n\t<div class=\"uael-post__bg-wrap uael-bg-wrap-disabled\">\n\n\t\t\t\t\n\t\t<div class=\"uael-post__inner-wrap uael-inner-wrap-disabled\">\n\n\t\t\t\t<div class=\"uael-post__thumbnail\">\n\t\t\t\n\t\t\t<a href=\"https:\/\/www.dmsteels.com\/cs\/products\/how-does-daming-do-a-service-system-construction-in-overseas-market\/\" target=\"_self\" title=\"Jak spole\u010dnost Daming prov\u00e1d\u00ed v\u00fdstavbu syst\u00e9mu slu\u017eeb na zahrani\u010dn\u00edm trhu?\"><img loading=\"lazy\" decoding=\"async\" width=\"2560\" height=\"1575\" src=\"https:\/\/www.dmsteels.com\/wp-content\/uploads\/2023\/07\/\u6c5f\u82cf\u5927\u660e-\u5382\u623f\u822a\u62cd02-scaled.jpg\" class=\"attachment-full size-full wp-image-567\" alt=\"Jak spole\u010dnost Daming prov\u00e1d\u00ed v\u00fdstavbu syst\u00e9mu slu\u017eeb na zahrani\u010dn\u00edm trhu?\" srcset=\"https:\/\/www.dmsteels.com\/wp-content\/uploads\/2023\/07\/\u6c5f\u82cf\u5927\u660e-\u5382\u623f\u822a\u62cd02-scaled.jpg 2560w, https:\/\/www.dmsteels.com\/wp-content\/uploads\/2023\/07\/\u6c5f\u82cf\u5927\u660e-\u5382\u623f\u822a\u62cd02-300x185.jpg 300w, https:\/\/www.dmsteels.com\/wp-content\/uploads\/2023\/07\/\u6c5f\u82cf\u5927\u660e-\u5382\u623f\u822a\u62cd02-1024x630.jpg 1024w, https:\/\/www.dmsteels.com\/wp-content\/uploads\/2023\/07\/\u6c5f\u82cf\u5927\u660e-\u5382\u623f\u822a\u62cd02-768x473.jpg 768w, https:\/\/www.dmsteels.com\/wp-content\/uploads\/2023\/07\/\u6c5f\u82cf\u5927\u660e-\u5382\u623f\u822a\u62cd02-1536x945.jpg 1536w, https:\/\/www.dmsteels.com\/wp-content\/uploads\/2023\/07\/\u6c5f\u82cf\u5927\u660e-\u5382\u623f\u822a\u62cd02-2048x1260.jpg 2048w\" sizes=\"auto, (max-width: 2560px) 100vw, 2560px\" \/><\/a>\n\t\t\t\t\t<\/div>\n\t\t\n\t\t\t\n\t\t\t<div class=\"uael-post__content-wrap uael-content-wrap-disabled\">\n\t\t\t\t\t<h2 class=\"uael-post__title\">\n\n\t\t\n\t\t\t\t\t\t<a href=\"https:\/\/www.dmsteels.com\/cs\/products\/how-does-daming-do-a-service-system-construction-in-overseas-market\/\" target=\"_self\">\n\t\t\t\tJak spole\u010dnost Daming prov\u00e1d\u00ed v\u00fdstavbu syst\u00e9mu slu\u017eeb na zahrani\u010dn\u00edm trhu?\t\t\t<\/a>\n\n\t\t\t\t<\/h2>\n\t\t\n\t\t<div class=\"uael-post__excerpt\">\n\t\t\tIn terms of upstream resources, Daming unites with upstream steel mills; in terms of processing services, the Group links up with ten processing centers, giving ...\t\t<\/div>\n\n\t\t\t\t\t<a class=\"uael-post__read-more elementor-button\" href=\"https:\/\/www.dmsteels.com\/cs\/products\/how-does-daming-do-a-service-system-construction-in-overseas-market\/\" target=\"_self\" aria-labelledby=\"uael-post-565\">\n\t\t\t\t\t<span class=\"elementor-button-content-wrapper\">\n\t\t\t\t\t\t\t\t\t\t\t\t\t\t<span class=\"elementor-button-icon elementor-align-icon-right\">\n\n\t\t\t\t\t\t\t\t\t<i aria-hidden=\"true\" class=\"far fa-hand-point-right\"><\/i>\n\t\t\t\t\t\t\t\t<\/span>\n\t\t\t\t\t\t\t\t\t\t\t\t\t\n\t\t\t\t\t\t<span class=\"elementor-button-text\" id=\"uael-post-565\">P\u0159e\u010dt\u011bte si v\u00edce <\/span>\n\t\t\t\t\t<\/span>\n\t\t\t\t<\/a>\n\t\t\t\t\t\t<\/div>\n\t\t\t\n\t\t<\/div>\n\t\t\n\t<\/div>\n\n<\/div>\n\n<div class=\"uael-post-wrapper\">\n\t<div class=\"uael-post__bg-wrap uael-bg-wrap-disabled\">\n\n\t\t\t\t\n\t\t<div class=\"uael-post__inner-wrap uael-inner-wrap-disabled\">\n\n\t\t\t\t<div class=\"uael-post__thumbnail\">\n\t\t\t\n\t\t\t<a href=\"https:\/\/www.dmsteels.com\/cs\/products\/daming-processing-and-manufacturing-supporting-export-business-cases\/\" target=\"_self\" title=\"Zpracov\u00e1n\u00ed a v\u00fdroba Daming Podpora exportn\u00edch obchodn\u00edch p\u0159\u00edpad\u016f\"><img loading=\"lazy\" decoding=\"async\" width=\"1280\" height=\"720\" src=\"https:\/\/www.dmsteels.com\/wp-content\/uploads\/2023\/07\/e29793b02723b735fd51b34aa95f0cfe-1.png\" class=\"attachment-full size-full wp-image-579\" alt=\"Zpracov\u00e1n\u00ed a v\u00fdroba Daming Podpora exportn\u00edch obchodn\u00edch p\u0159\u00edpad\u016f\" srcset=\"https:\/\/www.dmsteels.com\/wp-content\/uploads\/2023\/07\/e29793b02723b735fd51b34aa95f0cfe-1.png 1280w, https:\/\/www.dmsteels.com\/wp-content\/uploads\/2023\/07\/e29793b02723b735fd51b34aa95f0cfe-1-300x169.png 300w, https:\/\/www.dmsteels.com\/wp-content\/uploads\/2023\/07\/e29793b02723b735fd51b34aa95f0cfe-1-1024x576.png 1024w, https:\/\/www.dmsteels.com\/wp-content\/uploads\/2023\/07\/e29793b02723b735fd51b34aa95f0cfe-1-768x432.png 768w\" sizes=\"auto, (max-width: 1280px) 100vw, 1280px\" \/><\/a>\n\t\t\t\t\t<\/div>\n\t\t\n\t\t\t\n\t\t\t<div class=\"uael-post__content-wrap uael-content-wrap-disabled\">\n\t\t\t\t\t<h2 class=\"uael-post__title\">\n\n\t\t\n\t\t\t\t\t\t<a href=\"https:\/\/www.dmsteels.com\/cs\/products\/daming-processing-and-manufacturing-supporting-export-business-cases\/\" target=\"_self\">\n\t\t\t\tZpracov\u00e1n\u00ed a v\u00fdroba Daming Podpora exportn\u00edch obchodn\u00edch p\u0159\u00edpad\u016f\t\t\t<\/a>\n\n\t\t\t\t<\/h2>\n\t\t\n\t\t<div class=\"uael-post__excerpt\">\n\t\t\tZpracov\u00e1n\u00ed a v\u00fdroba Daming Podpora exportn\u00edch obchodn\u00edch p\u0159\u00edpad\u016f\t\t<\/div>\n\n\t\t\t\t\t<a class=\"uael-post__read-more elementor-button\" href=\"https:\/\/www.dmsteels.com\/cs\/products\/daming-processing-and-manufacturing-supporting-export-business-cases\/\" target=\"_self\" aria-labelledby=\"uael-post-568\">\n\t\t\t\t\t<span class=\"elementor-button-content-wrapper\">\n\t\t\t\t\t\t\t\t\t\t\t\t\t\t<span class=\"elementor-button-icon elementor-align-icon-right\">\n\n\t\t\t\t\t\t\t\t\t<i aria-hidden=\"true\" class=\"far fa-hand-point-right\"><\/i>\n\t\t\t\t\t\t\t\t<\/span>\n\t\t\t\t\t\t\t\t\t\t\t\t\t\n\t\t\t\t\t\t<span class=\"elementor-button-text\" id=\"uael-post-568\">P\u0159e\u010dt\u011bte si v\u00edce <\/span>\n\t\t\t\t\t<\/span>\n\t\t\t\t<\/a>\n\t\t\t\t\t\t<\/div>\n\t\t\t\n\t\t<\/div>\n\t\t\n\t<\/div>\n\n<\/div>\n\n<div class=\"uael-post-wrapper\">\n\t<div class=\"uael-post__bg-wrap uael-bg-wrap-disabled\">\n\n\t\t\t\t\n\t\t<div class=\"uael-post__inner-wrap uael-inner-wrap-disabled\">\n\n\t\t\t\t<div class=\"uael-post__thumbnail\">\n\t\t\t\n\t\t\t<a href=\"https:\/\/www.dmsteels.com\/cs\/products\/examples-of-some-of-damings-overseas-exhibitions\/\" target=\"_self\" title=\"Damingovy zahrani\u010dn\u00ed v\u00fdstavy\"><img loading=\"lazy\" decoding=\"async\" width=\"822\" height=\"597\" src=\"https:\/\/www.dmsteels.com\/wp-content\/uploads\/2023\/07\/e768c4043b43a89d9513f9ac379a73a4.png\" class=\"attachment-full size-full wp-image-584\" alt=\"Damingovy zahrani\u010dn\u00ed v\u00fdstavy\" srcset=\"https:\/\/www.dmsteels.com\/wp-content\/uploads\/2023\/07\/e768c4043b43a89d9513f9ac379a73a4.png 822w, https:\/\/www.dmsteels.com\/wp-content\/uploads\/2023\/07\/e768c4043b43a89d9513f9ac379a73a4-300x218.png 300w, https:\/\/www.dmsteels.com\/wp-content\/uploads\/2023\/07\/e768c4043b43a89d9513f9ac379a73a4-768x558.png 768w\" sizes=\"auto, (max-width: 822px) 100vw, 822px\" \/><\/a>\n\t\t\t\t\t<\/div>\n\t\t\n\t\t\t\n\t\t\t<div class=\"uael-post__content-wrap uael-content-wrap-disabled\">\n\t\t\t\t\t<h2 class=\"uael-post__title\">\n\n\t\t\n\t\t\t\t\t\t<a href=\"https:\/\/www.dmsteels.com\/cs\/products\/examples-of-some-of-damings-overseas-exhibitions\/\" target=\"_self\">\n\t\t\t\tDamingovy zahrani\u010dn\u00ed v\u00fdstavy\t\t\t<\/a>\n\n\t\t\t\t<\/h2>\n\t\t\n\t\t<div class=\"uael-post__excerpt\">\n\t\t\tSpole\u010dnost Daming se aktivn\u011b \u00fa\u010dastn\u00ed zahrani\u010dn\u00edch v\u00fdstav, aby roz\u0161\u00ed\u0159ila sv\u016fj mezin\u00e1rodn\u00ed vliv.\t\t<\/div>\n\n\t\t\t\t\t<a class=\"uael-post__read-more elementor-button\" href=\"https:\/\/www.dmsteels.com\/cs\/products\/examples-of-some-of-damings-overseas-exhibitions\/\" target=\"_self\" aria-labelledby=\"uael-post-582\">\n\t\t\t\t\t<span class=\"elementor-button-content-wrapper\">\n\t\t\t\t\t\t\t\t\t\t\t\t\t\t<span class=\"elementor-button-icon elementor-align-icon-right\">\n\n\t\t\t\t\t\t\t\t\t<i aria-hidden=\"true\" class=\"far fa-hand-point-right\"><\/i>\n\t\t\t\t\t\t\t\t<\/span>\n\t\t\t\t\t\t\t\t\t\t\t\t\t\n\t\t\t\t\t\t<span class=\"elementor-button-text\" id=\"uael-post-582\">P\u0159e\u010dt\u011bte si v\u00edce <\/span>\n\t\t\t\t\t<\/span>\n\t\t\t\t<\/a>\n\t\t\t\t\t\t<\/div>\n\t\t\t\n\t\t<\/div>\n\t\t\n\t<\/div>\n\n<\/div>\n\t\t\t\t<\/div>\n\t\t\t\t\t\t\n\t\t<\/div>\n\n\t\t\t\t\t\t<\/div>\n\t\t<div class=\"uael-post__footer\">\n\t\t\t\t\t<\/div>\n\t\t\t\t\t\t<\/div>\n\t\t\t\t<\/div>\n\t\t\t\t\t<\/div>\n\t\t<\/div>\n\t\t\t\t\t<\/div>\n\t\t<\/section>\n\t\t\t\t<\/div>","protected":false},"excerpt":{"rendered":"<p>Daming&#8217;s services cover more than 30 industries, including automobiles, home appliances, elevators, construction machinery, mining and cement equipment, petrochemicals, new energy, energy equipment, ships, etc. China Steel Processing Supply Center &#8211; Daming Product How does Daming do a service system construction in overseas market? In terms of upstream resources, Daming unites with upstream steel mills; [&hellip;]<\/p>","protected":false},"author":1,"featured_media":0,"parent":0,"menu_order":0,"comment_status":"closed","ping_status":"closed","template":"","meta":{"_acf_changed":false,"footnotes":""},"class_list":["post-1339","page","type-page","status-publish","hentry"],"acf":[],"_links":{"self":[{"href":"https:\/\/www.dmsteels.com\/cs\/wp-json\/wp\/v2\/pages\/1339","targetHints":{"allow":["GET"]}}],"collection":[{"href":"https:\/\/www.dmsteels.com\/cs\/wp-json\/wp\/v2\/pages"}],"about":[{"href":"https:\/\/www.dmsteels.com\/cs\/wp-json\/wp\/v2\/types\/page"}],"author":[{"embeddable":true,"href":"https:\/\/www.dmsteels.com\/cs\/wp-json\/wp\/v2\/users\/1"}],"replies":[{"embeddable":true,"href":"https:\/\/www.dmsteels.com\/cs\/wp-json\/wp\/v2\/comments?post=1339"}],"version-history":[{"count":0,"href":"https:\/\/www.dmsteels.com\/cs\/wp-json\/wp\/v2\/pages\/1339\/revisions"}],"wp:attachment":[{"href":"https:\/\/www.dmsteels.com\/cs\/wp-json\/wp\/v2\/media?parent=1339"}],"curies":[{"name":"wp","href":"https:\/\/api.w.org\/{rel}","templated":true}]}}